{"id":2092,"date":"2018-04-02T10:32:41","date_gmt":"2018-04-02T10:32:41","guid":{"rendered":"https:\/\/www.insigniswest.com\/who-we-are\/"},"modified":"2021-02-17T16:26:13","modified_gmt":"2021-02-17T16:26:13","slug":"who-we-are","status":"publish","type":"page","link":"https:\/\/www.insigniswest.com\/en\/who-we-are\/","title":{"rendered":"Who we are"},"content":{"rendered":"<div class=\"wpb-content-wrapper\">[mk_page_section bg_image=&#8221;https:\/\/www.insigniswest.com\/wp-content\/uploads\/2017\/02\/quem-somos.jpg&#8221; bg_position=&#8221;center center&#8221; bg_repeat=&#8221;no-repeat&#8221; bg_stretch=&#8221;true&#8221; video_color_mask=&#8221;#231f20&#8243; min_height=&#8221;440&#8243; js_vertical_centered=&#8221;true&#8221; padding_top=&#8221;0&#8243; padding_bottom=&#8221;0&#8243; sidebar=&#8221;sidebar-1&#8243;][vc_column width=&#8221;2\/3&#8243;][mk_fancy_title color=&#8221;#ffffff&#8221; size=&#8221;48&#8243; force_font_size=&#8221;true&#8221; size_phone=&#8221;30&#8243; font_weight=&#8221;300&#8243; letter_spacing=&#8221;2&#8243; font_family=&#8221;none&#8221;]We are a European training and consulting company.[\/mk_fancy_title][\/vc_column][vc_column width=&#8221;1\/3&#8243;][\/vc_column][\/mk_page_section][mk_page_section bg_color=&#8221;#ffffff&#8221; bg_repeat=&#8221;no-repeat&#8221; bg_stretch=&#8221;true&#8221; padding_top=&#8221;100&#8243; padding_bottom=&#8221;100&#8243; top_shape_color=&#8221;#ffffff&#8221; bottom_shape_color=&#8221;#ffffff&#8221; sidebar=&#8221;sidebar-1&#8243;][vc_column][mk_fancy_title tag_name=&#8221;h3&#8243; color=&#8221;#2c2c2c&#8221; size=&#8221;36&#8243; force_font_size=&#8221;true&#8221; size_phone=&#8221;30&#8243; font_weight=&#8221;300&#8243; txt_transform=&#8221;capitalize&#8221; letter_spacing=&#8221;1&#8243; margin_bottom=&#8221;0&#8243; font_family=&#8221;none&#8221; align=&#8221;center&#8221;]Who we are[\/mk_fancy_title][mk_padding_divider][vc_row_inner][vc_column_inner width=&#8221;5\/12&#8243;][vc_column_text]\n<div><a>Insignis West is a training and consultancy company dedicated to adding value and improving human resources in companies.\u00a0<\/a><\/div>\n<div><a>We work in a wide range of business contexts serving companies, professionals, organizations and institutions both domestically and internationally.<\/a><br \/>\n<a><br \/>\nWe are dedicated to enhancing the skill base of professionals following a thorough assessment and identification of the needs of each client.<\/a><\/div>\n<div><a>Insignis West is accredited by DGERT. All of our trainers hold a CCP &#8211; Certificado de Compet\u00eancias Pedag\u00f3gicas (Certificate of Pedagogical Competence) issued by the IEFP (Institute of Jobs and Professional Training) and they are highly qualified in the areas they teach, a fact that guarantees not only technical but pedagogical quality.\u00a0<\/a><\/div>\n<p><a>\u00a0<\/a><\/p>\n<div><a>Insignis West sees itself as a partner in the development of a more enlightened society. We are prepared to face the challenge of raising the levels of qualification and of mobility that are of utmost importance in the international market.\u00a0<\/a><\/div>\n[\/vc_column_text][\/vc_column_inner][vc_column_inner width=&#8221;1\/12&#8243;][\/vc_column_inner][vc_column_inner width=&#8221;5\/12&#8243;][vc_column_text]Insignis West is present in a number of markets in North, Central, and Southern Europe in such demanding areas as Telecommunications, Energy, Water, Government Agencies, Logistics, Transport, Ports, Distribution, Oil, Gas, Public Administration, Health, Publishing, and B2B.<\/p>\n<p>Insignis West positions itself as a partner in the development of more enlightened societies prepared to face the challenges of qualification and mobility, so decisive in the international market.[\/vc_column_text][\/vc_column_inner][vc_column_inner width=&#8221;1\/12&#8243;][\/vc_column_inner][\/vc_row_inner][\/vc_column][\/mk_page_section][mk_page_section bg_color=&#8221;#f4f4f4&#8243; bg_repeat=&#8221;no-repeat&#8221; bg_stretch=&#8221;true&#8221; full_height=&#8221;true&#8221; padding_top=&#8221;100&#8243; padding_bottom=&#8221;100&#8243; top_shape_color=&#8221;#ffffff&#8221; bottom_shape_color=&#8221;#ffffff&#8221; sidebar=&#8221;sidebar-1&#8243;][vc_column][mk_fancy_title tag_name=&#8221;h3&#8243; color=&#8221;#2c2c2c&#8221; size=&#8221;36&#8243; force_font_size=&#8221;true&#8221; size_phone=&#8221;30&#8243; font_weight=&#8221;300&#8243; txt_transform=&#8221;capitalize&#8221; letter_spacing=&#8221;1&#8243; margin_bottom=&#8221;0&#8243; font_family=&#8221;none&#8221; align=&#8221;center&#8221;]THE INSIGNIS WEST CULTURE[\/mk_fancy_title][mk_padding_divider][vc_row_inner][vc_column_inner width=&#8221;5\/12&#8243;][mk_fancy_title tag_name=&#8221;h5&#8243; color=&#8221;#9476c9&#8243; size=&#8221;15&#8243; font_weight=&#8221;bold&#8221; txt_transform=&#8221;uppercase&#8221; letter_spacing=&#8221;1&#8243; margin_top=&#8221;20&#8243; margin_bottom=&#8221;0&#8243; font_family=&#8221;none&#8221;]Mission[\/mk_fancy_title][vc_column_text]Our mission is to contribute to improving the economic and social performance of our country with a continual commitment to training so that we might provide qualifications for human resources and develop the skill set of the entrepreneurial class.[\/vc_column_text][mk_fancy_title tag_name=&#8221;h5&#8243; color=&#8221;#9476c9&#8243; size=&#8221;15&#8243; font_weight=&#8221;bold&#8221; txt_transform=&#8221;uppercase&#8221; letter_spacing=&#8221;1&#8243; margin_top=&#8221;20&#8243; margin_bottom=&#8221;0&#8243; font_family=&#8221;none&#8221;]Values[\/mk_fancy_title][vc_column_text]Integrity, Confidance, Responsibility, Transparency[\/vc_column_text][mk_fancy_title tag_name=&#8221;h5&#8243; color=&#8221;#9476c9&#8243; size=&#8221;15&#8243; font_weight=&#8221;bold&#8221; txt_transform=&#8221;uppercase&#8221; letter_spacing=&#8221;1&#8243; margin_top=&#8221;20&#8243; margin_bottom=&#8221;0&#8243; font_family=&#8221;none&#8221;]Markets and Sectors[\/mk_fancy_title][vc_column_text]\n<div>The Insignis West develops its activity of Training and Consultancy with a focus on the markets of Europe.<\/div>\n<div><\/div>\n<div>The Insignis West account in its client portfolio with companies and national and international organizations in the public and private sector<\/div>\n<div><\/div>\n<div>We operate in sectors as demanding as the Industry, Trade, Services and state agencies.<\/div>\n[\/vc_column_text][\/vc_column_inner][vc_column_inner width=&#8221;1\/12&#8243;][\/vc_column_inner][vc_column_inner width=&#8221;5\/12&#8243;][mk_fancy_title tag_name=&#8221;h5&#8243; color=&#8221;#9476c9&#8243; size=&#8221;15&#8243; font_weight=&#8221;bold&#8221; txt_transform=&#8221;uppercase&#8221; letter_spacing=&#8221;1&#8243; margin_top=&#8221;20&#8243; margin_bottom=&#8221;0&#8243; font_family=&#8221;none&#8221;]Culture[\/mk_fancy_title][vc_column_text]<strong>Innovation and dynamism<\/strong><\/p>\n<p>Adapting to change is critical to success. With dynamism and innovation, we aim to be always adapted to these changes and to extract from them the added value necessary to the valuation of the client.[\/vc_column_text][vc_column_text]<strong>Customer orientation<\/strong><\/p>\n<p>Customers are the basis of our existence. Everything that we are and what we intend to professionally depend on the trust placed in us by our clients.[\/vc_column_text][vc_column_text]<strong>Excellence<\/strong><\/p>\n<p>Because for us only excellence satisfies us, we always want to do more and better. Only then will we be able to take a path that will lead us to surpass ourselves, offering our clients excellence.[\/vc_column_text][\/vc_column_inner][vc_column_inner width=&#8221;1\/12&#8243;][\/vc_column_inner][\/vc_row_inner][\/vc_column][\/mk_page_section][vc_row][vc_column][mk_padding_divider size=&#8221;100&#8243;][mk_fancy_title tag_name=&#8221;h3&#8243; color=&#8221;#2c2c2c&#8221; size=&#8221;36&#8243; force_font_size=&#8221;true&#8221; size_phone=&#8221;30&#8243; font_weight=&#8221;300&#8243; letter_spacing=&#8221;1&#8243; margin_bottom=&#8221;0&#8243; font_family=&#8221;none&#8221; align=&#8221;center&#8221;]Some of our Clients[\/mk_fancy_title][mk_clients count=&#8221;35&#8243; autoplay=&#8221;false&#8221; margin_bottom=&#8221;47&#8243;][mk_padding_divider size=&#8221;100&#8243;][\/vc_column][\/vc_row][mk_page_section bg_color=&#8221;#f4f4f4&#8243; bg_repeat=&#8221;no-repeat&#8221; bg_stretch=&#8221;true&#8221; full_height=&#8221;true&#8221; padding_top=&#8221;100&#8243; padding_bottom=&#8221;100&#8243; top_shape_color=&#8221;#ffffff&#8221; bottom_shape_color=&#8221;#ffffff&#8221; sidebar=&#8221;sidebar-1&#8243;][vc_column][mk_fancy_title tag_name=&#8221;h3&#8243; color=&#8221;#2c2c2c&#8221; size=&#8221;36&#8243; force_font_size=&#8221;true&#8221; size_phone=&#8221;30&#8243; font_weight=&#8221;300&#8243; letter_spacing=&#8221;1&#8243; margin_bottom=&#8221;0&#8243; font_family=&#8221;none&#8221; align=&#8221;center&#8221;]Certifications and Accreditations[\/mk_fancy_title][mk_padding_divider][vc_row_inner][vc_column_inner width=&#8221;1\/4&#8243;][mk_image src=&#8221;https:\/\/www.insigniswest.com\/wp-content\/uploads\/2017\/02\/efc.png&#8221; image_size=&#8221;full&#8221; align=&#8221;center&#8221;][mk_fancy_title tag_name=&#8221;h5&#8243; color=&#8221;#9476c9&#8243; size=&#8221;15&#8243; font_weight=&#8221;bold&#8221; txt_transform=&#8221;uppercase&#8221; letter_spacing=&#8221;1&#8243; margin_top=&#8221;20&#8243; margin_bottom=&#8221;0&#8243; font_family=&#8221;none&#8221;]Certified Training Institution[\/mk_fancy_title][vc_column_text]Certification of Certified Trainer Entity &#8211; Directorate General Labor Relations &#8211; Ministry of Employment[\/vc_column_text][\/vc_column_inner][vc_column_inner width=&#8221;1\/4&#8243;][mk_image src=&#8221;https:\/\/www.insigniswest.com\/wp-content\/uploads\/2017\/02\/cfa-acreditacao-dgert-logo-w.jpg&#8221; image_size=&#8221;full&#8221; align=&#8221;center&#8221;][mk_fancy_title tag_name=&#8221;h5&#8243; color=&#8221;#9476c9&#8243; size=&#8221;15&#8243; font_weight=&#8221;bold&#8221; txt_transform=&#8221;uppercase&#8221; letter_spacing=&#8221;1&#8243; margin_top=&#8221;20&#8243; margin_bottom=&#8221;0&#8243; font_family=&#8221;none&#8221;]Accreditation of Trainer Entity[\/mk_fancy_title][vc_column_text]Accreditation of Training Entity &#8211; Directorate General Labor Relations &#8211; Ministry of Employment[\/vc_column_text][\/vc_column_inner][vc_column_inner width=&#8221;1\/4&#8243;][mk_image src=&#8221;https:\/\/www.insigniswest.com\/wp-content\/uploads\/2017\/02\/2015061115353255799cb4053df.jpg&#8221; image_size=&#8221;full&#8221; align=&#8221;center&#8221;][mk_fancy_title tag_name=&#8221;h5&#8243; color=&#8221;#9476c9&#8243; size=&#8221;15&#8243; font_weight=&#8221;bold&#8221; txt_transform=&#8221;uppercase&#8221; letter_spacing=&#8221;1&#8243; margin_top=&#8221;20&#8243; margin_bottom=&#8221;0&#8243; font_family=&#8221;none&#8221;]Institute of Employment and Vocational Training[\/mk_fancy_title][vc_column_text][\/vc_column_text][\/vc_column_inner][vc_column_inner width=&#8221;1\/4&#8243;][mk_image src=&#8221;https:\/\/www.insigniswest.com\/wp-content\/uploads\/2017\/02\/occ_novo_hor.jpg&#8221; image_size=&#8221;full&#8221; align=&#8221;center&#8221;][mk_fancy_title tag_name=&#8221;h5&#8243; color=&#8221;#9476c9&#8243; size=&#8221;15&#8243; font_weight=&#8221;bold&#8221; txt_transform=&#8221;uppercase&#8221; letter_spacing=&#8221;1&#8243; margin_top=&#8221;20&#8243; margin_bottom=&#8221;0&#8243; font_family=&#8221;none&#8221;]Order of Certified Accountants[\/mk_fancy_title][vc_column_text][\/vc_column_text][\/vc_column_inner][\/vc_row_inner][\/vc_column][\/mk_page_section][vc_row][vc_column][mk_padding_divider size=&#8221;100&#8243;][mk_fancy_title tag_name=&#8221;h3&#8243; color=&#8221;#2c2c2c&#8221; size=&#8221;36&#8243; force_font_size=&#8221;true&#8221; size_phone=&#8221;30&#8243; font_weight=&#8221;300&#8243; letter_spacing=&#8221;1&#8243; margin_bottom=&#8221;0&#8243; font_family=&#8221;none&#8221; align=&#8221;center&#8221;]Our Partners[\/mk_fancy_title][mk_clients style=&#8221;column&#8221; column=&#8221;4&#8243; gutter_space=&#8221;4&#8243; count=&#8221;4&#8243; autoplay=&#8221;false&#8221; margin_bottom=&#8221;45&#8243; clients=&#8221;2815, 2814, 4008&#8243;][\/vc_column][\/vc_row][vc_row][vc_column][mk_divider style=&#8221;thin_solid&#8221; thickness=&#8221;2&#8243; margin_top=&#8221;60&#8243; margin_bottom=&#8221;0&#8243;][\/vc_column][\/vc_row][vc_row disable_element=&#8221;yes&#8221;][vc_column][mk_padding_divider size=&#8221;100&#8243;][\/vc_column][\/vc_row][vc_row disable_element=&#8221;yes&#8221;][vc_column width=&#8221;1\/6&#8243;][\/vc_column][vc_column width=&#8221;2\/3&#8243;][mk_fancy_title tag_name=&#8221;h3&#8243; color_style=&#8221;gradient_color&#8221; grandient_color_from=&#8221;#007a9c&#8221; grandient_color_to=&#8221;#1d8caa&#8221; grandient_color_angle=&#8221;horizontal&#8221; grandient_color_fallback=&#8221;#1d8caa&#8221; size=&#8221;36&#8243; force_font_size=&#8221;true&#8221; size_phone=&#8221;20&#8243; font_weight=&#8221;300&#8243; letter_spacing=&#8221;1&#8243; margin_bottom=&#8221;0&#8243; font_family=&#8221;none&#8221; align=&#8221;center&#8221;]Get to know the next formations and the latest news![\/mk_fancy_title][mk_fancy_title tag_name=&#8221;h5&#8243; color=&#8221;#606060&#8243; size=&#8221;15&#8243; font_weight=&#8221;bold&#8221; txt_transform=&#8221;uppercase&#8221; letter_spacing=&#8221;1&#8243; margin_bottom=&#8221;40&#8243; font_family=&#8221;none&#8221; align=&#8221;center&#8221;]Subscribe to the newsletter and get a 10% discount voucher.[\/mk_fancy_title][mk_subscribe placeholder_text=&#8221;Enter your email&#8221; button_text=&#8221;SUBMIT&#8221; corner_radius=&#8221;10&#8243; space_between=&#8221;20&#8243; btn_bg_color=&#8221;#007a9c&#8221; btn_text_color=&#8221;#ffffff&#8221; btn_border_color=&#8221;&#8221; input_bg_color=&#8221;#f4f4f4&#8243; input_placeholder_color=&#8221;#2c2c2c&#8221; input_border_width=&#8221;2&#8243; input_border_color=&#8221;#eeeeee&#8221; btn_hover_bg_color=&#8221;#1893ab&#8221; btn_hover_text_color=&#8221;#ffffff&#8221;][\/vc_column][vc_column width=&#8221;1\/6&#8243;][\/vc_column][\/vc_row][vc_row disable_element=&#8221;yes&#8221;][vc_column][mk_divider style=&#8221;thin_solid&#8221; thickness=&#8221;2&#8243; margin_top=&#8221;0&#8243; margin_bottom=&#8221;0&#8243;][\/vc_column][\/vc_row]\n<\/div>","protected":false},"excerpt":{"rendered":"<p>[mk_page_section bg_image=&#8221;https:\/\/www.insigniswest.com\/wp-content\/uploads\/2017\/02\/quem-somos.jpg&#8221; bg_position=&#8221;center center&#8221; bg_repeat=&#8221;no-repeat&#8221; bg_stretch=&#8221;true&#8221; video_color_mask=&#8221;#231f20&#8243; min_height=&#8221;440&#8243; js_vertical_centered=&#8221;true&#8221; padding_top=&#8221;0&#8243; padding_bottom=&#8221;0&#8243; sidebar=&#8221;sidebar-1&#8243;][vc_column width=&#8221;2\/3&#8243;][mk_fancy_title color=&#8221;#ffffff&#8221; size=&#8221;48&#8243; force_font_size=&#8221;true&#8221; size_phone=&#8221;30&#8243; font_weight=&#8221;300&#8243; letter_spacing=&#8221;2&#8243; font_family=&#8221;none&#8221;]We are a European training and consulting company.[\/mk_fancy_title][\/vc_column][vc_column width=&#8221;1\/3&#8243;][\/vc_column][\/mk_page_section][mk_page_section bg_color=&#8221;#ffffff&#8221; bg_repeat=&#8221;no-repeat&#8221; bg_stretch=&#8221;true&#8221; padding_top=&#8221;100&#8243; padding_bottom=&#8221;100&#8243; top_shape_color=&#8221;#ffffff&#8221; bottom_shape_color=&#8221;#ffffff&#8221; sidebar=&#8221;sidebar-1&#8243;][vc_column][mk_fancy_title tag_name=&#8221;h3&#8243; color=&#8221;#2c2c2c&#8221; size=&#8221;36&#8243; force_font_size=&#8221;true&#8221; size_phone=&#8221;30&#8243; font_weight=&#8221;300&#8243; txt_transform=&#8221;capitalize&#8221; letter_spacing=&#8221;1&#8243; margin_bottom=&#8221;0&#8243; font_family=&#8221;none&#8221; align=&#8221;center&#8221;]Who we are[\/mk_fancy_title][mk_padding_divider][vc_row_inner][vc_column_inner width=&#8221;5\/12&#8243;][vc_column_text] Insignis West is a training [&hellip;]<\/p>\n","protected":false},"author":3,"featured_media":0,"parent":0,"menu_order":0,"comment_status":"closed","ping_status":"closed","template":"","meta":{"footnotes":""},"class_list":["post-2092","page","type-page","status-publish","hentry"],"yoast_head":"<!-- This site is optimized with the Yoast SEO plugin v27.2 - https:\/\/yoast.com\/product\/yoast-seo-wordpress\/ -->\n<title>Who we are | Insignis West<\/title>\n<meta name=\"description\" content=\"Insignis West is a training and consultancy company dedicated to adding value and improving human resources in companies. We work in a wide range of business contexts serving companies, professionals, organizations and institutions both domestically and internationally.\" \/>\n<meta name=\"robots\" content=\"index, follow, max-snippet:-1, max-image-preview:large, max-video-preview:-1\" \/>\n<link rel=\"canonical\" href=\"https:\/\/www.insigniswest.com\/en\/who-we-are\/\" \/>\n<meta property=\"og:locale\" content=\"en_US\" \/>\n<meta property=\"og:type\" content=\"article\" \/>\n<meta property=\"og:title\" content=\"Who we are | Insignis West\" \/>\n<meta property=\"og:description\" content=\"Insignis West is a training and consultancy company dedicated to adding value and improving human resources in companies. We work in a wide range of business contexts serving companies, professionals, organizations and institutions both domestically and internationally.\" \/>\n<meta property=\"og:url\" content=\"https:\/\/www.insigniswest.com\/en\/who-we-are\/\" \/>\n<meta property=\"og:site_name\" content=\"Forma\u00e7\u00e3o &amp; Consultoria\" \/>\n<meta property=\"article:modified_time\" content=\"2021-02-17T16:26:13+00:00\" \/>\n<meta name=\"twitter:card\" content=\"summary_large_image\" \/>\n<meta name=\"twitter:label1\" content=\"Est. reading time\" \/>\n\t<meta name=\"twitter:data1\" content=\"8 minutes\" \/>\n<script type=\"application\/ld+json\" class=\"yoast-schema-graph\">{\"@context\":\"https:\/\/schema.org\",\"@graph\":[{\"@type\":\"WebPage\",\"@id\":\"https:\/\/www.insigniswest.com\/en\/who-we-are\/\",\"url\":\"https:\/\/www.insigniswest.com\/en\/who-we-are\/\",\"name\":\"Who we are | Insignis West\",\"isPartOf\":{\"@id\":\"https:\/\/www.insigniswest.com\/#website\"},\"datePublished\":\"2018-04-02T10:32:41+00:00\",\"dateModified\":\"2021-02-17T16:26:13+00:00\",\"description\":\"Insignis West is a training and consultancy company dedicated to adding value and improving human resources in companies. We work in a wide range of business contexts serving companies, professionals, organizations and institutions both domestically and internationally.\",\"breadcrumb\":{\"@id\":\"https:\/\/www.insigniswest.com\/en\/who-we-are\/#breadcrumb\"},\"inLanguage\":\"en-US\",\"potentialAction\":[{\"@type\":\"ReadAction\",\"target\":[\"https:\/\/www.insigniswest.com\/en\/who-we-are\/\"]}]},{\"@type\":\"BreadcrumbList\",\"@id\":\"https:\/\/www.insigniswest.com\/en\/who-we-are\/#breadcrumb\",\"itemListElement\":[{\"@type\":\"ListItem\",\"position\":1,\"name\":\"In\u00edcio\",\"item\":\"https:\/\/www.insigniswest.com\/en\/\"},{\"@type\":\"ListItem\",\"position\":2,\"name\":\"Who we are\"}]},{\"@type\":\"WebSite\",\"@id\":\"https:\/\/www.insigniswest.com\/#website\",\"url\":\"https:\/\/www.insigniswest.com\/\",\"name\":\"Forma\u00e7\u00e3o &amp; Consultoria\",\"description\":\"Insignis West - Empresa Europeia de Forma\u00e7\u00e3o e Consultoria\",\"potentialAction\":[{\"@type\":\"SearchAction\",\"target\":{\"@type\":\"EntryPoint\",\"urlTemplate\":\"https:\/\/www.insigniswest.com\/?s={search_term_string}\"},\"query-input\":{\"@type\":\"PropertyValueSpecification\",\"valueRequired\":true,\"valueName\":\"search_term_string\"}}],\"inLanguage\":\"en-US\"}]}<\/script>\n<!-- \/ Yoast SEO plugin. -->","yoast_head_json":{"title":"Who we are | Insignis West","description":"Insignis West is a training and consultancy company dedicated to adding value and improving human resources in companies. We work in a wide range of business contexts serving companies, professionals, organizations and institutions both domestically and internationally.","robots":{"index":"index","follow":"follow","max-snippet":"max-snippet:-1","max-image-preview":"max-image-preview:large","max-video-preview":"max-video-preview:-1"},"canonical":"https:\/\/www.insigniswest.com\/en\/who-we-are\/","og_locale":"en_US","og_type":"article","og_title":"Who we are | Insignis West","og_description":"Insignis West is a training and consultancy company dedicated to adding value and improving human resources in companies. We work in a wide range of business contexts serving companies, professionals, organizations and institutions both domestically and internationally.","og_url":"https:\/\/www.insigniswest.com\/en\/who-we-are\/","og_site_name":"Forma\u00e7\u00e3o &amp; Consultoria","article_modified_time":"2021-02-17T16:26:13+00:00","twitter_card":"summary_large_image","twitter_misc":{"Est. reading time":"8 minutes"},"schema":{"@context":"https:\/\/schema.org","@graph":[{"@type":"WebPage","@id":"https:\/\/www.insigniswest.com\/en\/who-we-are\/","url":"https:\/\/www.insigniswest.com\/en\/who-we-are\/","name":"Who we are | Insignis West","isPartOf":{"@id":"https:\/\/www.insigniswest.com\/#website"},"datePublished":"2018-04-02T10:32:41+00:00","dateModified":"2021-02-17T16:26:13+00:00","description":"Insignis West is a training and consultancy company dedicated to adding value and improving human resources in companies. We work in a wide range of business contexts serving companies, professionals, organizations and institutions both domestically and internationally.","breadcrumb":{"@id":"https:\/\/www.insigniswest.com\/en\/who-we-are\/#breadcrumb"},"inLanguage":"en-US","potentialAction":[{"@type":"ReadAction","target":["https:\/\/www.insigniswest.com\/en\/who-we-are\/"]}]},{"@type":"BreadcrumbList","@id":"https:\/\/www.insigniswest.com\/en\/who-we-are\/#breadcrumb","itemListElement":[{"@type":"ListItem","position":1,"name":"In\u00edcio","item":"https:\/\/www.insigniswest.com\/en\/"},{"@type":"ListItem","position":2,"name":"Who we are"}]},{"@type":"WebSite","@id":"https:\/\/www.insigniswest.com\/#website","url":"https:\/\/www.insigniswest.com\/","name":"Forma\u00e7\u00e3o &amp; Consultoria","description":"Insignis West - Empresa Europeia de Forma\u00e7\u00e3o e Consultoria","potentialAction":[{"@type":"SearchAction","target":{"@type":"EntryPoint","urlTemplate":"https:\/\/www.insigniswest.com\/?s={search_term_string}"},"query-input":{"@type":"PropertyValueSpecification","valueRequired":true,"valueName":"search_term_string"}}],"inLanguage":"en-US"}]}},"_links":{"self":[{"href":"https:\/\/www.insigniswest.com\/en\/wp-json\/wp\/v2\/pages\/2092","targetHints":{"allow":["GET"]}}],"collection":[{"href":"https:\/\/www.insigniswest.com\/en\/wp-json\/wp\/v2\/pages"}],"about":[{"href":"https:\/\/www.insigniswest.com\/en\/wp-json\/wp\/v2\/types\/page"}],"author":[{"embeddable":true,"href":"https:\/\/www.insigniswest.com\/en\/wp-json\/wp\/v2\/users\/3"}],"replies":[{"embeddable":true,"href":"https:\/\/www.insigniswest.com\/en\/wp-json\/wp\/v2\/comments?post=2092"}],"version-history":[{"count":9,"href":"https:\/\/www.insigniswest.com\/en\/wp-json\/wp\/v2\/pages\/2092\/revisions"}],"predecessor-version":[{"id":4523,"href":"https:\/\/www.insigniswest.com\/en\/wp-json\/wp\/v2\/pages\/2092\/revisions\/4523"}],"wp:attachment":[{"href":"https:\/\/www.insigniswest.com\/en\/wp-json\/wp\/v2\/media?parent=2092"}],"curies":[{"name":"wp","href":"https:\/\/api.w.org\/{rel}","templated":true}]}}