{"id":2121,"date":"2018-04-02T11:03:40","date_gmt":"2018-04-02T11:03:40","guid":{"rendered":"https:\/\/www.insigniswest.com\/homepage\/"},"modified":"2018-10-16T14:55:04","modified_gmt":"2018-10-16T14:55:04","slug":"homepage","status":"publish","type":"page","link":"https:\/\/www.insigniswest.com\/en\/","title":{"rendered":"Homepage"},"content":{"rendered":"<div class=\"wpb-content-wrapper\">[mk_page_section bg_image=&#8221;https:\/\/www.insigniswest.com\/wp-content\/uploads\/2017\/02\/home-head-2.jpg&#8221; bg_position=&#8221;center center&#8221; bg_repeat=&#8221;no-repeat&#8221; bg_stretch=&#8221;true&#8221; video_loop=&#8221;false&#8221; min_height=&#8221;0&#8243; padding_top=&#8221;150&#8243; padding_bottom=&#8221;350&#8243; sidebar=&#8221;sidebar-1&#8243;][vc_column width=&#8221;1\/4&#8243;][\/vc_column][vc_column width=&#8221;1\/2&#8243;][mk_fancy_title tag_name=&#8221;h1&#8243; color_style=&#8221;gradient_color&#8221; grandient_color_from=&#8221;#007a9c&#8221; grandient_color_to=&#8221;#1d8caa&#8221; grandient_color_angle=&#8221;horizontal&#8221; grandient_color_fallback=&#8221;#1d8caa&#8221; size=&#8221;48&#8243; force_font_size=&#8221;true&#8221; size_tablet=&#8221;40&#8243; size_phone=&#8221;25&#8243; font_weight=&#8221;300&#8243; letter_spacing=&#8221;2&#8243; font_family=&#8221;none&#8221; align=&#8221;center&#8221;]We are a European Training and Consulting company[\/mk_fancy_title][vc_column_text align=&#8221;center&#8221;][\/vc_column_text][mk_button_gradient dimension=&#8221;flat&#8221; size=&#8221;large&#8221; corner_style=&#8221;full_rounded&#8221; grandient_color_from=&#8221;#007a9c&#8221; grandient_color_to=&#8221;#1d8caa&#8221; grandient_color_angle=&#8221;horizontal&#8221; grandient_color_fallback=&#8221;#1d8caa&#8221; url=&#8221;\/formacao-nacional\/&#8221; align=&#8221;center&#8221; margin_top=&#8221;20&#8243; margin_bottom=&#8221;0&#8243; margin_right=&#8221;0&#8243; visibility=&#8221;hidden-sm&#8221;]\n<div id=\"gt-src-c\" class=\"g-unit\"><\/div>\n<div id=\"gt-res-c\" class=\"g-unit\">\n<div id=\"gt-res-p\">\n<div id=\"gt-res-data\">\n<div id=\"gt-res-wrap\">\n<div id=\"gt-res-content\">\n<div id=\"gt-res-dir-ctr\" class=\"trans-verified-button-large\" dir=\"ltr\"><span id=\"result_box\" class=\"short_text\" lang=\"en\"><span class=\"alt-edited\" tabindex=\"-1\" contenteditable=\"false\">SEE OFFER TRAINING<\/span><\/span><\/div>\n<\/div>\n<\/div>\n<\/div>\n<\/div>\n<\/div>\n[\/mk_button_gradient][\/vc_column][vc_column width=&#8221;1\/4&#8243;][\/vc_column][\/mk_page_section][vc_row][vc_column][mk_padding_divider size=&#8221;120&#8243;][vc_row_inner][vc_column_inner][mk_fancy_title tag_name=&#8221;h3&#8243; color=&#8221;#2c2c2c&#8221; size=&#8221;36&#8243; force_font_size=&#8221;true&#8221; size_tablet=&#8221;30&#8243; size_phone=&#8221;25&#8243; font_weight=&#8221;300&#8243; letter_spacing=&#8221;1&#8243; font_family=&#8221;none&#8221; animation=&#8221;bottom-to-top&#8221;]\n<p style=\"text-align: center;\">Insignis west Training Solutions<\/p>\n[\/mk_fancy_title][mk_padding_divider size=&#8221;60&#8243; visibility=&#8221;visible-sm&#8221;][\/vc_column_inner][\/vc_row_inner][\/vc_column][\/vc_row][vc_row][vc_column width=&#8221;1\/12&#8243; offset=&#8221;vc_col-lg-offset-0 vc_col-lg-6 vc_col-md-offset-0 vc_col-md-12 vc_col-sm-offset-0&#8243;][vc_row_inner][vc_column_inner width=&#8221;3\/12&#8243;][mk_font_icons icon=&#8221;mk-li-clip&#8221; color=&#8221;#ffffff&#8221; size=&#8221;x-large&#8221; margin_horizental=&#8221;20&#8243; margin_vertical=&#8221;20&#8243; circle=&#8221;true&#8221; circle_color=&#8221;#1d8caa&#8221; circle_border_color=&#8221;#1d8caa&#8221; align=&#8221;center&#8221;][\/vc_column_inner][vc_column_inner width=&#8221;9\/12&#8243;][mk_fancy_title tag_name=&#8221;h5&#8243; color=&#8221;#2c2c2c&#8221; size=&#8221;15&#8243; font_weight=&#8221;bold&#8221; txt_transform=&#8221;uppercase&#8221; letter_spacing=&#8221;1&#8243; margin_bottom=&#8221;5&#8243; font_family=&#8221;none&#8221;]Training Tutorial[\/mk_fancy_title][vc_column_text]\n<p>Consulting training, aimed at individuals or groups of professionals from a department or specific areas of the company\/organization, aiming at an adequate integration of the skills acquired in the context of training.<\/p>\n<p>Insignis West thus develops diagnoses of needs, accompanied by training planning, functional framework, and monitoring.<\/p>\n[\/vc_column_text][mk_padding_divider size=&#8221;20&#8243; visibility=&#8221;visible-sm&#8221;][\/vc_column_inner][\/vc_row_inner][vc_row_inner is_fullwidth_content=&#8221;false&#8221;][vc_column_inner width=&#8221;3\/12&#8243;][mk_font_icons icon=&#8221;mk-li-comments&#8221; color=&#8221;#ffffff&#8221; size=&#8221;x-large&#8221; margin_horizental=&#8221;20&#8243; margin_vertical=&#8221;20&#8243; circle=&#8221;true&#8221; circle_color=&#8221;#1d8caa&#8221; circle_border_color=&#8221;#1d8caa&#8221; align=&#8221;center&#8221;][\/vc_column_inner][vc_column_inner width=&#8221;9\/12&#8243;][mk_fancy_title tag_name=&#8221;h5&#8243; color=&#8221;#2c2c2c&#8221; size=&#8221;15&#8243; font_weight=&#8221;bold&#8221; txt_transform=&#8221;uppercase&#8221; letter_spacing=&#8221;1&#8243; margin_bottom=&#8221;5&#8243; font_family=&#8221;none&#8221;]\n<p>Training Consulting<\/p>\n[\/mk_fancy_title][vc_column_text]\n<p>We understand the Training as a whole, we are prepared to respond to various levels of training consultancy, namely: Diagnosis of Training needs in Companies and Institutions, Development of Strategic Plan for Training, Organization, and Implementation of Training Plan and ROI.<\/p>\n[\/vc_column_text][mk_padding_divider size=&#8221;20&#8243; visibility=&#8221;visible-sm&#8221;][\/vc_column_inner][\/vc_row_inner][vc_row_inner][vc_column_inner width=&#8221;3\/12&#8243;][mk_font_icons icon=&#8221;mk-li-calculator&#8221; color=&#8221;#ffffff&#8221; size=&#8221;x-large&#8221; margin_horizental=&#8221;20&#8243; margin_vertical=&#8221;20&#8243; circle=&#8221;true&#8221; circle_color=&#8221;#1d8caa&#8221; circle_border_color=&#8221;#1d8caa&#8221; align=&#8221;center&#8221;][\/vc_column_inner][vc_column_inner width=&#8221;9\/12&#8243;][mk_fancy_title tag_name=&#8221;h5&#8243; color=&#8221;#2c2c2c&#8221; size=&#8221;15&#8243; font_weight=&#8221;bold&#8221; txt_transform=&#8221;uppercase&#8221; letter_spacing=&#8221;1&#8243; margin_bottom=&#8221;5&#8243; font_family=&#8221;none&#8221;]\n<p>Tailor-made training<\/p>\n[\/mk_fancy_title][vc_column_text]In an increasingly competitive and versatile society, we understand the training needs of each professional and of companies and institutions. We work to find the best solution for the company and the employee, thus offering the possibility of developing tailor-made courses in terms of schedules and program content.[\/vc_column_text][\/vc_column_inner][\/vc_row_inner][vc_row_inner][vc_column_inner width=&#8221;3\/12&#8243;][mk_font_icons icon=&#8221;mk-moon-pen&#8221; color=&#8221;#ffffff&#8221; size=&#8221;x-large&#8221; margin_horizental=&#8221;20&#8243; margin_vertical=&#8221;20&#8243; circle=&#8221;true&#8221; circle_color=&#8221;#1d8caa&#8221; circle_border_color=&#8221;#1d8caa&#8221; align=&#8221;center&#8221;][\/vc_column_inner][vc_column_inner width=&#8221;9\/12&#8243;][mk_fancy_title tag_name=&#8221;h5&#8243; color=&#8221;#2c2c2c&#8221; size=&#8221;15&#8243; font_weight=&#8221;bold&#8221; txt_transform=&#8221;uppercase&#8221; letter_spacing=&#8221;1&#8243; margin_bottom=&#8221;5&#8243; font_family=&#8221;none&#8221;]\n<p>Leadership Academy<\/p>\n[\/mk_fancy_title][vc_column_text]The daily challenges faced by companies and organizations every day require the preparation of managers and managers who go beyond technical skills and who are obviously very important and have a strong impact on the results[\/vc_column_text][\/vc_column_inner][\/vc_row_inner][\/vc_column][vc_column width=&#8221;1\/12&#8243; offset=&#8221;vc_col-lg-6 vc_col-md-12&#8243;][vc_row_inner][vc_column_inner width=&#8221;3\/12&#8243;][mk_font_icons icon=&#8221;mk-li-book&#8221; color=&#8221;#ffffff&#8221; size=&#8221;x-large&#8221; margin_horizental=&#8221;20&#8243; margin_vertical=&#8221;20&#8243; circle=&#8221;true&#8221; circle_color=&#8221;#1d8caa&#8221; circle_border_color=&#8221;#1d8caa&#8221; align=&#8221;center&#8221;][\/vc_column_inner][vc_column_inner width=&#8221;9\/12&#8243;][mk_fancy_title tag_name=&#8221;h5&#8243; color=&#8221;#2c2c2c&#8221; size=&#8221;15&#8243; font_weight=&#8221;bold&#8221; txt_transform=&#8221;uppercase&#8221; letter_spacing=&#8221;1&#8243; margin_bottom=&#8221;5&#8243; font_family=&#8221;none&#8221;]\n<p>One to One Training<\/p>\n[\/mk_fancy_title][vc_column_text]\n<p>In an increasingly competitive and versatile society, we understand the training needs of each professional and of companies and institutions. We work to find the best solution for the company and the employee, thus offering the possibility of developing tailor-made courses in terms of schedules and program content.<\/p>\n<p>Our goal is to provide each client with the highest profitability, effectiveness, and efficiency in each training action given by Insignis West.<\/p>\n[\/vc_column_text][mk_padding_divider size=&#8221;20&#8243; visibility=&#8221;visible-sm&#8221;][\/vc_column_inner][\/vc_row_inner][vc_row_inner][vc_column_inner width=&#8221;3\/12&#8243;][mk_font_icons icon=&#8221;mk-li-apeaker&#8221; color=&#8221;#ffffff&#8221; size=&#8221;x-large&#8221; margin_horizental=&#8221;20&#8243; margin_vertical=&#8221;20&#8243; circle=&#8221;true&#8221; circle_color=&#8221;#1d8caa&#8221; circle_border_color=&#8221;#1d8caa&#8221; align=&#8221;center&#8221;][\/vc_column_inner][vc_column_inner width=&#8221;9\/12&#8243;][mk_fancy_title tag_name=&#8221;h5&#8243; color=&#8221;#2c2c2c&#8221; size=&#8221;15&#8243; font_weight=&#8221;bold&#8221; txt_transform=&#8221;uppercase&#8221; letter_spacing=&#8221;1&#8243; margin_bottom=&#8221;5&#8243; font_family=&#8221;none&#8221;]\n<p>Advanced Seminars &amp; Thematic Workshops<\/p>\n[\/mk_fancy_title][vc_column_text]\n<p>There is a willingness on the part of the active society to seek new knowledge today, but opportunities and agenda are often scarce.<\/p>\n<p>Insignis West, thinking about these professionals and a brainstorming logic, develops Advanced Seminars and Thematic Workshops.<\/p>\n[\/vc_column_text][\/vc_column_inner][\/vc_row_inner][vc_row_inner][vc_column_inner width=&#8221;3\/12&#8243;][mk_font_icons icon=&#8221;mk-moon-clock&#8221; color=&#8221;#ffffff&#8221; size=&#8221;x-large&#8221; margin_horizental=&#8221;20&#8243; margin_vertical=&#8221;20&#8243; circle=&#8221;true&#8221; circle_color=&#8221;#1d8caa&#8221; circle_border_color=&#8221;#1d8caa&#8221; align=&#8221;center&#8221;][\/vc_column_inner][vc_column_inner width=&#8221;9\/12&#8243;][mk_fancy_title tag_name=&#8221;h5&#8243; color=&#8221;#2c2c2c&#8221; size=&#8221;15&#8243; font_weight=&#8221;bold&#8221; txt_transform=&#8221;uppercase&#8221; letter_spacing=&#8221;1&#8243; margin_bottom=&#8221;5&#8243; font_family=&#8221;none&#8221;]Team Building[\/mk_fancy_title][vc_column_text]Insignis West bets on programs tailored to each client and adjusted to their objectives. As in the other training methods developed by Insignis West, the Team Building training develops unique and unique programs for each client.[\/vc_column_text][\/vc_column_inner][\/vc_row_inner][\/vc_column][\/vc_row][vc_row][vc_column][mk_padding_divider size=&#8221;120&#8243;][\/vc_column][\/vc_row][vc_row fullwidth=&#8221;true&#8221; css=&#8221;.vc_custom_1496931219962{background-color: #007a9c !important;}&#8221;][vc_column][mk_animated_columns column_height=&#8221;260&#8243; column_number=&#8221;3&#8243; order=&#8221;ASC&#8221; style=&#8221;simple&#8221; title_size=&#8221;26&#8243; bg_hover_color=&#8221;#1d8caa&#8221; icon_size=&#8221;64&#8243; icon_color=&#8221;#ffffff&#8221; txt_color=&#8221;#ffffff&#8221; btn_color=&#8221;#ffffff&#8221; btn_hover_color=&#8221;#ffffff&#8221; btn_hover_txt_color=&#8221;#1893ab&#8221;][\/vc_column][\/vc_row][mk_page_section bg_color=&#8221;#f7f8f8&#8243; min_height=&#8221;200&#8243; padding_top=&#8221;50&#8243; padding_bottom=&#8221;50&#8243; sidebar=&#8221;sidebar-1&#8243;][vc_column width=&#8221;1\/3&#8243;][mk_font_icons icon=&#8221;mk-icon-globe&#8221; color=&#8221;#1d8caa&#8221; size=&#8221;x-large&#8221; align=&#8221;center&#8221;][mk_fancy_title tag_name=&#8221;h3&#8243; color=&#8221;#1d8caa&#8221; size=&#8221;32&#8243; force_font_size=&#8221;true&#8221; size_phone=&#8221;20&#8243; font_weight=&#8221;300&#8243; letter_spacing=&#8221;1&#8243; margin_bottom=&#8221;0&#8243; font_family=&#8221;none&#8221; align=&#8221;center&#8221;]Customers on 3 Continents[\/mk_fancy_title][\/vc_column][vc_column width=&#8221;1\/3&#8243;][mk_font_icons icon=&#8221;mk-moon-certificate&#8221; color=&#8221;#1d8caa&#8221; size=&#8221;x-large&#8221; align=&#8221;center&#8221;][mk_fancy_title tag_name=&#8221;h3&#8243; color=&#8221;#1d8caa&#8221; size=&#8221;32&#8243; force_font_size=&#8221;true&#8221; size_phone=&#8221;20&#8243; font_weight=&#8221;300&#8243; letter_spacing=&#8221;1&#8243; margin_bottom=&#8221;0&#8243; font_family=&#8221;none&#8221; align=&#8221;center&#8221;]Certifications and Partners[\/mk_fancy_title][\/vc_column][vc_column width=&#8221;1\/3&#8243;][mk_font_icons icon=&#8221;mk-icon-graduation-cap&#8221; color=&#8221;#1d8caa&#8221; size=&#8221;x-large&#8221; align=&#8221;center&#8221;][mk_fancy_title tag_name=&#8221;h3&#8243; color=&#8221;#1d8caa&#8221; size=&#8221;32&#8243; force_font_size=&#8221;true&#8221; size_phone=&#8221;20&#8243; font_weight=&#8221;300&#8243; letter_spacing=&#8221;1&#8243; margin_bottom=&#8221;0&#8243; font_family=&#8221;none&#8221; align=&#8221;center&#8221;]More than 200 Courses[\/mk_fancy_title][\/vc_column][\/mk_page_section][vc_row disable_element=&#8221;yes&#8221;][vc_column][mk_padding_divider size=&#8221;120&#8243;][\/vc_column][\/vc_row][vc_row disable_element=&#8221;yes&#8221;][vc_column width=&#8221;1\/6&#8243;][\/vc_column][vc_column width=&#8221;2\/3&#8243;][mk_fancy_title tag_name=&#8221;h3&#8243; color=&#8221;#1d8caa&#8221; size=&#8221;36&#8243; force_font_size=&#8221;true&#8221; size_phone=&#8221;20&#8243; font_weight=&#8221;300&#8243; letter_spacing=&#8221;1&#8243; margin_bottom=&#8221;0&#8243; font_family=&#8221;none&#8221; align=&#8221;center&#8221;]\n<p>Get to know the next formations and the latest news!<\/p>\n[\/mk_fancy_title][mk_fancy_title tag_name=&#8221;h5&#8243; color=&#8221;#606060&#8243; size=&#8221;15&#8243; font_weight=&#8221;bold&#8221; txt_transform=&#8221;uppercase&#8221; letter_spacing=&#8221;1&#8243; margin_bottom=&#8221;40&#8243; font_family=&#8221;none&#8221; align=&#8221;center&#8221;]\n<p>Subscribe to the newsletter and get a 10% discount voucher.<\/p>\n[\/mk_fancy_title][mk_subscribe placeholder_text=&#8221;Enter your email&#8221; corner_radius=&#8221;10&#8243; space_between=&#8221;20&#8243; btn_bg_color=&#8221;#007a9c&#8221; btn_text_color=&#8221;#ffffff&#8221; btn_border_color=&#8221;&#8221; input_bg_color=&#8221;#f4f4f4&#8243; input_placeholder_color=&#8221;#2c2c2c&#8221; input_border_width=&#8221;2&#8243; input_border_color=&#8221;#eeeeee&#8221; btn_hover_bg_color=&#8221;#1893ab&#8221; btn_hover_text_color=&#8221;#ffffff&#8221;][\/vc_column][vc_column width=&#8221;1\/6&#8243;][\/vc_column][\/vc_row][vc_row][vc_column][mk_divider style=&#8221;thin_solid&#8221; thickness=&#8221;2&#8243; margin_top=&#8221;0&#8243; margin_bottom=&#8221;0&#8243;][\/vc_column][\/vc_row]\n<\/div>","protected":false},"excerpt":{"rendered":"<p>[mk_page_section bg_image=&#8221;https:\/\/www.insigniswest.com\/wp-content\/uploads\/2017\/02\/home-head-2.jpg&#8221; bg_position=&#8221;center center&#8221; bg_repeat=&#8221;no-repeat&#8221; bg_stretch=&#8221;true&#8221; video_loop=&#8221;false&#8221; min_height=&#8221;0&#8243; padding_top=&#8221;150&#8243; padding_bottom=&#8221;350&#8243; sidebar=&#8221;sidebar-1&#8243;][vc_column width=&#8221;1\/4&#8243;][\/vc_column][vc_column width=&#8221;1\/2&#8243;][mk_fancy_title tag_name=&#8221;h1&#8243; color_style=&#8221;gradient_color&#8221; grandient_color_from=&#8221;#007a9c&#8221; grandient_color_to=&#8221;#1d8caa&#8221; grandient_color_angle=&#8221;horizontal&#8221; grandient_color_fallback=&#8221;#1d8caa&#8221; size=&#8221;48&#8243; force_font_size=&#8221;true&#8221; size_tablet=&#8221;40&#8243; size_phone=&#8221;25&#8243; font_weight=&#8221;300&#8243; letter_spacing=&#8221;2&#8243; font_family=&#8221;none&#8221; align=&#8221;center&#8221;]We are a European Training and Consulting company[\/mk_fancy_title][vc_column_text align=&#8221;center&#8221;][\/vc_column_text][mk_button_gradient dimension=&#8221;flat&#8221; size=&#8221;large&#8221; corner_style=&#8221;full_rounded&#8221; grandient_color_from=&#8221;#007a9c&#8221; grandient_color_to=&#8221;#1d8caa&#8221; grandient_color_angle=&#8221;horizontal&#8221; grandient_color_fallback=&#8221;#1d8caa&#8221; url=&#8221;\/formacao-nacional\/&#8221; align=&#8221;center&#8221; margin_top=&#8221;20&#8243; margin_bottom=&#8221;0&#8243; margin_right=&#8221;0&#8243; visibility=&#8221;hidden-sm&#8221;] SEE OFFER TRAINING [\/mk_button_gradient][\/vc_column][vc_column width=&#8221;1\/4&#8243;][\/vc_column][\/mk_page_section][vc_row][vc_column][mk_padding_divider size=&#8221;120&#8243;][vc_row_inner][vc_column_inner][mk_fancy_title tag_name=&#8221;h3&#8243; [&hellip;]<\/p>\n","protected":false},"author":3,"featured_media":0,"parent":0,"menu_order":0,"comment_status":"closed","ping_status":"closed","template":"","meta":{"footnotes":""},"class_list":["post-2121","page","type-page","status-publish","hentry"],"yoast_head":"<!-- This site is optimized with the Yoast SEO plugin v27.5 - https:\/\/yoast.com\/product\/yoast-seo-wordpress\/ -->\n<title>Homepage - Forma\u00e7\u00e3o &amp; Consultoria<\/title>\n<meta name=\"robots\" content=\"index, follow, max-snippet:-1, max-image-preview:large, max-video-preview:-1\" \/>\n<link rel=\"canonical\" href=\"https:\/\/www.insigniswest.com\/en\/\" \/>\n<meta property=\"og:locale\" content=\"en_US\" \/>\n<meta property=\"og:type\" content=\"article\" \/>\n<meta property=\"og:title\" content=\"Homepage - Forma\u00e7\u00e3o &amp; Consultoria\" \/>\n<meta property=\"og:description\" content=\"[mk_page_section bg_image=&#8221;https:\/\/www.insigniswest.com\/wp-content\/uploads\/2017\/02\/home-head-2.jpg&#8221; bg_position=&#8221;center center&#8221; bg_repeat=&#8221;no-repeat&#8221; bg_stretch=&#8221;true&#8221; video_loop=&#8221;false&#8221; min_height=&#8221;0&#8243; padding_top=&#8221;150&#8243; padding_bottom=&#8221;350&#8243; sidebar=&#8221;sidebar-1&#8243;][vc_column width=&#8221;1\/4&#8243;][\/vc_column][vc_column width=&#8221;1\/2&#8243;][mk_fancy_title tag_name=&#8221;h1&#8243; color_style=&#8221;gradient_color&#8221; grandient_color_from=&#8221;#007a9c&#8221; grandient_color_to=&#8221;#1d8caa&#8221; grandient_color_angle=&#8221;horizontal&#8221; grandient_color_fallback=&#8221;#1d8caa&#8221; size=&#8221;48&#8243; force_font_size=&#8221;true&#8221; size_tablet=&#8221;40&#8243; size_phone=&#8221;25&#8243; font_weight=&#8221;300&#8243; letter_spacing=&#8221;2&#8243; font_family=&#8221;none&#8221; align=&#8221;center&#8221;]We are a European Training and Consulting company[\/mk_fancy_title][vc_column_text align=&#8221;center&#8221;][\/vc_column_text][mk_button_gradient dimension=&#8221;flat&#8221; size=&#8221;large&#8221; corner_style=&#8221;full_rounded&#8221; grandient_color_from=&#8221;#007a9c&#8221; grandient_color_to=&#8221;#1d8caa&#8221; grandient_color_angle=&#8221;horizontal&#8221; grandient_color_fallback=&#8221;#1d8caa&#8221; url=&#8221;\/formacao-nacional\/&#8221; align=&#8221;center&#8221; margin_top=&#8221;20&#8243; margin_bottom=&#8221;0&#8243; margin_right=&#8221;0&#8243; visibility=&#8221;hidden-sm&#8221;] SEE OFFER TRAINING [\/mk_button_gradient][\/vc_column][vc_column width=&#8221;1\/4&#8243;][\/vc_column][\/mk_page_section][vc_row][vc_column][mk_padding_divider size=&#8221;120&#8243;][vc_row_inner][vc_column_inner][mk_fancy_title tag_name=&#8221;h3&#8243; [&hellip;]\" \/>\n<meta property=\"og:url\" content=\"https:\/\/www.insigniswest.com\/en\/\" \/>\n<meta property=\"og:site_name\" content=\"Forma\u00e7\u00e3o &amp; Consultoria\" \/>\n<meta property=\"article:modified_time\" content=\"2018-10-16T14:55:04+00:00\" \/>\n<meta name=\"twitter:card\" content=\"summary_large_image\" \/>\n<meta name=\"twitter:label1\" content=\"Est. reading time\" \/>\n\t<meta name=\"twitter:data1\" content=\"8 minutes\" \/>\n<script type=\"application\/ld+json\" class=\"yoast-schema-graph\">{\"@context\":\"https:\\\/\\\/schema.org\",\"@graph\":[{\"@type\":\"WebPage\",\"@id\":\"https:\\\/\\\/www.insigniswest.com\\\/en\\\/\",\"url\":\"https:\\\/\\\/www.insigniswest.com\\\/en\\\/\",\"name\":\"Homepage - Forma\u00e7\u00e3o &amp; Consultoria\",\"isPartOf\":{\"@id\":\"https:\\\/\\\/www.insigniswest.com\\\/#website\"},\"datePublished\":\"2018-04-02T11:03:40+00:00\",\"dateModified\":\"2018-10-16T14:55:04+00:00\",\"breadcrumb\":{\"@id\":\"https:\\\/\\\/www.insigniswest.com\\\/en\\\/#breadcrumb\"},\"inLanguage\":\"en-US\",\"potentialAction\":[{\"@type\":\"ReadAction\",\"target\":[\"https:\\\/\\\/www.insigniswest.com\\\/en\\\/\"]}]},{\"@type\":\"BreadcrumbList\",\"@id\":\"https:\\\/\\\/www.insigniswest.com\\\/en\\\/#breadcrumb\",\"itemListElement\":[{\"@type\":\"ListItem\",\"position\":1,\"name\":\"In\u00edcio\",\"item\":\"https:\\\/\\\/www.insigniswest.com\\\/en\\\/\"},{\"@type\":\"ListItem\",\"position\":2,\"name\":\"Homepage\"}]},{\"@type\":\"WebSite\",\"@id\":\"https:\\\/\\\/www.insigniswest.com\\\/#website\",\"url\":\"https:\\\/\\\/www.insigniswest.com\\\/\",\"name\":\"Forma\u00e7\u00e3o &amp; Consultoria\",\"description\":\"Insignis West - Empresa Europeia de Forma\u00e7\u00e3o e Consultoria\",\"potentialAction\":[{\"@type\":\"SearchAction\",\"target\":{\"@type\":\"EntryPoint\",\"urlTemplate\":\"https:\\\/\\\/www.insigniswest.com\\\/?s={search_term_string}\"},\"query-input\":{\"@type\":\"PropertyValueSpecification\",\"valueRequired\":true,\"valueName\":\"search_term_string\"}}],\"inLanguage\":\"en-US\"}]}<\/script>\n<!-- \/ Yoast SEO plugin. -->","yoast_head_json":{"title":"Homepage - Forma\u00e7\u00e3o &amp; Consultoria","robots":{"index":"index","follow":"follow","max-snippet":"max-snippet:-1","max-image-preview":"max-image-preview:large","max-video-preview":"max-video-preview:-1"},"canonical":"https:\/\/www.insigniswest.com\/en\/","og_locale":"en_US","og_type":"article","og_title":"Homepage - Forma\u00e7\u00e3o &amp; Consultoria","og_description":"[mk_page_section bg_image=&#8221;https:\/\/www.insigniswest.com\/wp-content\/uploads\/2017\/02\/home-head-2.jpg&#8221; bg_position=&#8221;center center&#8221; bg_repeat=&#8221;no-repeat&#8221; bg_stretch=&#8221;true&#8221; video_loop=&#8221;false&#8221; min_height=&#8221;0&#8243; padding_top=&#8221;150&#8243; padding_bottom=&#8221;350&#8243; sidebar=&#8221;sidebar-1&#8243;][vc_column width=&#8221;1\/4&#8243;][\/vc_column][vc_column width=&#8221;1\/2&#8243;][mk_fancy_title tag_name=&#8221;h1&#8243; color_style=&#8221;gradient_color&#8221; grandient_color_from=&#8221;#007a9c&#8221; grandient_color_to=&#8221;#1d8caa&#8221; grandient_color_angle=&#8221;horizontal&#8221; grandient_color_fallback=&#8221;#1d8caa&#8221; size=&#8221;48&#8243; force_font_size=&#8221;true&#8221; size_tablet=&#8221;40&#8243; size_phone=&#8221;25&#8243; font_weight=&#8221;300&#8243; letter_spacing=&#8221;2&#8243; font_family=&#8221;none&#8221; align=&#8221;center&#8221;]We are a European Training and Consulting company[\/mk_fancy_title][vc_column_text align=&#8221;center&#8221;][\/vc_column_text][mk_button_gradient dimension=&#8221;flat&#8221; size=&#8221;large&#8221; corner_style=&#8221;full_rounded&#8221; grandient_color_from=&#8221;#007a9c&#8221; grandient_color_to=&#8221;#1d8caa&#8221; grandient_color_angle=&#8221;horizontal&#8221; grandient_color_fallback=&#8221;#1d8caa&#8221; url=&#8221;\/formacao-nacional\/&#8221; align=&#8221;center&#8221; margin_top=&#8221;20&#8243; margin_bottom=&#8221;0&#8243; margin_right=&#8221;0&#8243; visibility=&#8221;hidden-sm&#8221;] SEE OFFER TRAINING [\/mk_button_gradient][\/vc_column][vc_column width=&#8221;1\/4&#8243;][\/vc_column][\/mk_page_section][vc_row][vc_column][mk_padding_divider size=&#8221;120&#8243;][vc_row_inner][vc_column_inner][mk_fancy_title tag_name=&#8221;h3&#8243; [&hellip;]","og_url":"https:\/\/www.insigniswest.com\/en\/","og_site_name":"Forma\u00e7\u00e3o &amp; Consultoria","article_modified_time":"2018-10-16T14:55:04+00:00","twitter_card":"summary_large_image","twitter_misc":{"Est. reading time":"8 minutes"},"schema":{"@context":"https:\/\/schema.org","@graph":[{"@type":"WebPage","@id":"https:\/\/www.insigniswest.com\/en\/","url":"https:\/\/www.insigniswest.com\/en\/","name":"Homepage - Forma\u00e7\u00e3o &amp; Consultoria","isPartOf":{"@id":"https:\/\/www.insigniswest.com\/#website"},"datePublished":"2018-04-02T11:03:40+00:00","dateModified":"2018-10-16T14:55:04+00:00","breadcrumb":{"@id":"https:\/\/www.insigniswest.com\/en\/#breadcrumb"},"inLanguage":"en-US","potentialAction":[{"@type":"ReadAction","target":["https:\/\/www.insigniswest.com\/en\/"]}]},{"@type":"BreadcrumbList","@id":"https:\/\/www.insigniswest.com\/en\/#breadcrumb","itemListElement":[{"@type":"ListItem","position":1,"name":"In\u00edcio","item":"https:\/\/www.insigniswest.com\/en\/"},{"@type":"ListItem","position":2,"name":"Homepage"}]},{"@type":"WebSite","@id":"https:\/\/www.insigniswest.com\/#website","url":"https:\/\/www.insigniswest.com\/","name":"Forma\u00e7\u00e3o &amp; Consultoria","description":"Insignis West - Empresa Europeia de Forma\u00e7\u00e3o e Consultoria","potentialAction":[{"@type":"SearchAction","target":{"@type":"EntryPoint","urlTemplate":"https:\/\/www.insigniswest.com\/?s={search_term_string}"},"query-input":{"@type":"PropertyValueSpecification","valueRequired":true,"valueName":"search_term_string"}}],"inLanguage":"en-US"}]}},"_links":{"self":[{"href":"https:\/\/www.insigniswest.com\/en\/wp-json\/wp\/v2\/pages\/2121","targetHints":{"allow":["GET"]}}],"collection":[{"href":"https:\/\/www.insigniswest.com\/en\/wp-json\/wp\/v2\/pages"}],"about":[{"href":"https:\/\/www.insigniswest.com\/en\/wp-json\/wp\/v2\/types\/page"}],"author":[{"embeddable":true,"href":"https:\/\/www.insigniswest.com\/en\/wp-json\/wp\/v2\/users\/3"}],"replies":[{"embeddable":true,"href":"https:\/\/www.insigniswest.com\/en\/wp-json\/wp\/v2\/comments?post=2121"}],"version-history":[{"count":5,"href":"https:\/\/www.insigniswest.com\/en\/wp-json\/wp\/v2\/pages\/2121\/revisions"}],"predecessor-version":[{"id":2892,"href":"https:\/\/www.insigniswest.com\/en\/wp-json\/wp\/v2\/pages\/2121\/revisions\/2892"}],"wp:attachment":[{"href":"https:\/\/www.insigniswest.com\/en\/wp-json\/wp\/v2\/media?parent=2121"}],"curies":[{"name":"wp","href":"https:\/\/api.w.org\/{rel}","templated":true}]}}