{"id":2147,"date":"2018-04-02T15:32:54","date_gmt":"2018-04-02T15:32:54","guid":{"rendered":"https:\/\/www.insigniswest.com\/newsletter\/"},"modified":"2018-04-02T15:32:55","modified_gmt":"2018-04-02T15:32:55","slug":"newsletter","status":"publish","type":"page","link":"https:\/\/www.insigniswest.com\/en\/newsletter\/","title":{"rendered":"Newsletter"},"content":{"rendered":"<div class=\"wpb-content-wrapper\">[vc_row][vc_column][mk_padding_divider size=&#8221;100&#8243;][\/vc_column][\/vc_row][vc_row][vc_column width=&#8221;1\/6&#8243;][\/vc_column][vc_column width=&#8221;2\/3&#8243;][mk_fancy_title tag_name=&#8221;h3&#8243; color_style=&#8221;gradient_color&#8221; grandient_color_from=&#8221;#0f5268&#8243; grandient_color_to=&#8221;#1893ab&#8221; grandient_color_angle=&#8221;horizontal&#8221; grandient_color_fallback=&#8221;#0f5268&#8243; size=&#8221;36&#8243; force_font_size=&#8221;true&#8221; size_phone=&#8221;20&#8243; font_weight=&#8221;300&#8243; letter_spacing=&#8221;1&#8243; margin_bottom=&#8221;0&#8243; font_family=&#8221;none&#8221; align=&#8221;center&#8221;]Get to know the next formations and the latest news![\/mk_fancy_title][mk_fancy_title tag_name=&#8221;h5&#8243; color=&#8221;#606060&#8243; size=&#8221;15&#8243; font_weight=&#8221;bold&#8221; txt_transform=&#8221;uppercase&#8221; letter_spacing=&#8221;1&#8243; margin_bottom=&#8221;40&#8243; font_family=&#8221;none&#8221; align=&#8221;center&#8221;]Subscribe to the newsletter and get a 10% discount voucher.[\/mk_fancy_title][mk_subscribe placeholder_text=&#8221;E-mail&#8221; button_text=&#8221;SEND&#8221; corner_radius=&#8221;10&#8243; space_between=&#8221;20&#8243; btn_bg_color=&#8221;#007a9c&#8221; btn_text_color=&#8221;#ffffff&#8221; btn_border_color=&#8221;&#8221; input_bg_color=&#8221;#f4f4f4&#8243; input_placeholder_color=&#8221;#2c2c2c&#8221; input_border_width=&#8221;2&#8243; input_border_color=&#8221;#eeeeee&#8221; btn_hover_bg_color=&#8221;#1893ab&#8221; btn_hover_text_color=&#8221;#ffffff&#8221;][\/vc_column][vc_column width=&#8221;1\/6&#8243;][\/vc_column][\/vc_row][vc_row][vc_column][mk_divider style=&#8221;thin_solid&#8221; thickness=&#8221;2&#8243; margin_top=&#8221;60&#8243; margin_bottom=&#8221;0&#8243;][\/vc_column][\/vc_row]\n<\/div>","protected":false},"excerpt":{"rendered":"<p>[vc_row][vc_column][mk_padding_divider size=&#8221;100&#8243;][\/vc_column][\/vc_row][vc_row][vc_column width=&#8221;1\/6&#8243;][\/vc_column][vc_column width=&#8221;2\/3&#8243;][mk_fancy_title tag_name=&#8221;h3&#8243; color_style=&#8221;gradient_color&#8221; grandient_color_from=&#8221;#0f5268&#8243; grandient_color_to=&#8221;#1893ab&#8221; grandient_color_angle=&#8221;horizontal&#8221; grandient_color_fallback=&#8221;#0f5268&#8243; size=&#8221;36&#8243; force_font_size=&#8221;true&#8221; size_phone=&#8221;20&#8243; font_weight=&#8221;300&#8243; letter_spacing=&#8221;1&#8243; margin_bottom=&#8221;0&#8243; font_family=&#8221;none&#8221; align=&#8221;center&#8221;]Get to know the next formations and the latest news![\/mk_fancy_title][mk_fancy_title tag_name=&#8221;h5&#8243; color=&#8221;#606060&#8243; size=&#8221;15&#8243; font_weight=&#8221;bold&#8221; txt_transform=&#8221;uppercase&#8221; letter_spacing=&#8221;1&#8243; margin_bottom=&#8221;40&#8243; font_family=&#8221;none&#8221; align=&#8221;center&#8221;]Subscribe to the newsletter and get a 10% discount voucher.[\/mk_fancy_title][mk_subscribe placeholder_text=&#8221;E-mail&#8221; button_text=&#8221;SEND&#8221; corner_radius=&#8221;10&#8243; space_between=&#8221;20&#8243; btn_bg_color=&#8221;#007a9c&#8221; btn_text_color=&#8221;#ffffff&#8221; btn_border_color=&#8221;&#8221; input_bg_color=&#8221;#f4f4f4&#8243; input_placeholder_color=&#8221;#2c2c2c&#8221; input_border_width=&#8221;2&#8243; [&hellip;]<\/p>\n","protected":false},"author":3,"featured_media":0,"parent":0,"menu_order":0,"comment_status":"closed","ping_status":"closed","template":"","meta":{"footnotes":""},"class_list":["post-2147","page","type-page","status-publish","hentry"],"yoast_head":"<!-- This site is optimized with the Yoast SEO plugin v27.5 - https:\/\/yoast.com\/product\/yoast-seo-wordpress\/ -->\n<title>Newsletter - Forma\u00e7\u00e3o &amp; Consultoria<\/title>\n<meta name=\"robots\" content=\"index, follow, max-snippet:-1, max-image-preview:large, max-video-preview:-1\" \/>\n<link rel=\"canonical\" href=\"https:\/\/www.insigniswest.com\/en\/newsletter\/\" \/>\n<meta property=\"og:locale\" content=\"en_US\" \/>\n<meta property=\"og:type\" content=\"article\" \/>\n<meta property=\"og:title\" content=\"Newsletter - Forma\u00e7\u00e3o &amp; Consultoria\" \/>\n<meta property=\"og:description\" content=\"[vc_row][vc_column][mk_padding_divider size=&#8221;100&#8243;][\/vc_column][\/vc_row][vc_row][vc_column width=&#8221;1\/6&#8243;][\/vc_column][vc_column width=&#8221;2\/3&#8243;][mk_fancy_title tag_name=&#8221;h3&#8243; color_style=&#8221;gradient_color&#8221; grandient_color_from=&#8221;#0f5268&#8243; grandient_color_to=&#8221;#1893ab&#8221; grandient_color_angle=&#8221;horizontal&#8221; grandient_color_fallback=&#8221;#0f5268&#8243; size=&#8221;36&#8243; force_font_size=&#8221;true&#8221; size_phone=&#8221;20&#8243; font_weight=&#8221;300&#8243; letter_spacing=&#8221;1&#8243; margin_bottom=&#8221;0&#8243; font_family=&#8221;none&#8221; align=&#8221;center&#8221;]Get to know the next formations and the latest news![\/mk_fancy_title][mk_fancy_title tag_name=&#8221;h5&#8243; color=&#8221;#606060&#8243; size=&#8221;15&#8243; font_weight=&#8221;bold&#8221; txt_transform=&#8221;uppercase&#8221; letter_spacing=&#8221;1&#8243; margin_bottom=&#8221;40&#8243; font_family=&#8221;none&#8221; align=&#8221;center&#8221;]Subscribe to the newsletter and get a 10% discount voucher.[\/mk_fancy_title][mk_subscribe placeholder_text=&#8221;E-mail&#8221; button_text=&#8221;SEND&#8221; corner_radius=&#8221;10&#8243; space_between=&#8221;20&#8243; btn_bg_color=&#8221;#007a9c&#8221; btn_text_color=&#8221;#ffffff&#8221; btn_border_color=&#8221;&#8221; input_bg_color=&#8221;#f4f4f4&#8243; input_placeholder_color=&#8221;#2c2c2c&#8221; input_border_width=&#8221;2&#8243; [&hellip;]\" \/>\n<meta property=\"og:url\" content=\"https:\/\/www.insigniswest.com\/en\/newsletter\/\" \/>\n<meta property=\"og:site_name\" content=\"Forma\u00e7\u00e3o &amp; Consultoria\" \/>\n<meta property=\"article:modified_time\" content=\"2018-04-02T15:32:55+00:00\" \/>\n<meta name=\"twitter:card\" content=\"summary_large_image\" \/>\n<meta name=\"twitter:label1\" content=\"Est. reading time\" \/>\n\t<meta name=\"twitter:data1\" content=\"1 minute\" \/>\n<script type=\"application\/ld+json\" class=\"yoast-schema-graph\">{\"@context\":\"https:\\\/\\\/schema.org\",\"@graph\":[{\"@type\":\"WebPage\",\"@id\":\"https:\\\/\\\/www.insigniswest.com\\\/en\\\/newsletter\\\/\",\"url\":\"https:\\\/\\\/www.insigniswest.com\\\/en\\\/newsletter\\\/\",\"name\":\"Newsletter - Forma\u00e7\u00e3o &amp; Consultoria\",\"isPartOf\":{\"@id\":\"https:\\\/\\\/www.insigniswest.com\\\/#website\"},\"datePublished\":\"2018-04-02T15:32:54+00:00\",\"dateModified\":\"2018-04-02T15:32:55+00:00\",\"breadcrumb\":{\"@id\":\"https:\\\/\\\/www.insigniswest.com\\\/en\\\/newsletter\\\/#breadcrumb\"},\"inLanguage\":\"en-US\",\"potentialAction\":[{\"@type\":\"ReadAction\",\"target\":[\"https:\\\/\\\/www.insigniswest.com\\\/en\\\/newsletter\\\/\"]}]},{\"@type\":\"BreadcrumbList\",\"@id\":\"https:\\\/\\\/www.insigniswest.com\\\/en\\\/newsletter\\\/#breadcrumb\",\"itemListElement\":[{\"@type\":\"ListItem\",\"position\":1,\"name\":\"In\u00edcio\",\"item\":\"https:\\\/\\\/www.insigniswest.com\\\/en\\\/\"},{\"@type\":\"ListItem\",\"position\":2,\"name\":\"Newsletter\"}]},{\"@type\":\"WebSite\",\"@id\":\"https:\\\/\\\/www.insigniswest.com\\\/#website\",\"url\":\"https:\\\/\\\/www.insigniswest.com\\\/\",\"name\":\"Forma\u00e7\u00e3o &amp; Consultoria\",\"description\":\"Insignis West - Empresa Europeia de Forma\u00e7\u00e3o e Consultoria\",\"potentialAction\":[{\"@type\":\"SearchAction\",\"target\":{\"@type\":\"EntryPoint\",\"urlTemplate\":\"https:\\\/\\\/www.insigniswest.com\\\/?s={search_term_string}\"},\"query-input\":{\"@type\":\"PropertyValueSpecification\",\"valueRequired\":true,\"valueName\":\"search_term_string\"}}],\"inLanguage\":\"en-US\"}]}<\/script>\n<!-- \/ Yoast SEO plugin. -->","yoast_head_json":{"title":"Newsletter - Forma\u00e7\u00e3o &amp; Consultoria","robots":{"index":"index","follow":"follow","max-snippet":"max-snippet:-1","max-image-preview":"max-image-preview:large","max-video-preview":"max-video-preview:-1"},"canonical":"https:\/\/www.insigniswest.com\/en\/newsletter\/","og_locale":"en_US","og_type":"article","og_title":"Newsletter - Forma\u00e7\u00e3o &amp; Consultoria","og_description":"[vc_row][vc_column][mk_padding_divider size=&#8221;100&#8243;][\/vc_column][\/vc_row][vc_row][vc_column width=&#8221;1\/6&#8243;][\/vc_column][vc_column width=&#8221;2\/3&#8243;][mk_fancy_title tag_name=&#8221;h3&#8243; color_style=&#8221;gradient_color&#8221; grandient_color_from=&#8221;#0f5268&#8243; grandient_color_to=&#8221;#1893ab&#8221; grandient_color_angle=&#8221;horizontal&#8221; grandient_color_fallback=&#8221;#0f5268&#8243; size=&#8221;36&#8243; force_font_size=&#8221;true&#8221; size_phone=&#8221;20&#8243; font_weight=&#8221;300&#8243; letter_spacing=&#8221;1&#8243; margin_bottom=&#8221;0&#8243; font_family=&#8221;none&#8221; align=&#8221;center&#8221;]Get to know the next formations and the latest news![\/mk_fancy_title][mk_fancy_title tag_name=&#8221;h5&#8243; color=&#8221;#606060&#8243; size=&#8221;15&#8243; font_weight=&#8221;bold&#8221; txt_transform=&#8221;uppercase&#8221; letter_spacing=&#8221;1&#8243; margin_bottom=&#8221;40&#8243; font_family=&#8221;none&#8221; align=&#8221;center&#8221;]Subscribe to the newsletter and get a 10% discount voucher.[\/mk_fancy_title][mk_subscribe placeholder_text=&#8221;E-mail&#8221; button_text=&#8221;SEND&#8221; corner_radius=&#8221;10&#8243; space_between=&#8221;20&#8243; btn_bg_color=&#8221;#007a9c&#8221; btn_text_color=&#8221;#ffffff&#8221; btn_border_color=&#8221;&#8221; input_bg_color=&#8221;#f4f4f4&#8243; input_placeholder_color=&#8221;#2c2c2c&#8221; input_border_width=&#8221;2&#8243; [&hellip;]","og_url":"https:\/\/www.insigniswest.com\/en\/newsletter\/","og_site_name":"Forma\u00e7\u00e3o &amp; Consultoria","article_modified_time":"2018-04-02T15:32:55+00:00","twitter_card":"summary_large_image","twitter_misc":{"Est. reading time":"1 minute"},"schema":{"@context":"https:\/\/schema.org","@graph":[{"@type":"WebPage","@id":"https:\/\/www.insigniswest.com\/en\/newsletter\/","url":"https:\/\/www.insigniswest.com\/en\/newsletter\/","name":"Newsletter - Forma\u00e7\u00e3o &amp; Consultoria","isPartOf":{"@id":"https:\/\/www.insigniswest.com\/#website"},"datePublished":"2018-04-02T15:32:54+00:00","dateModified":"2018-04-02T15:32:55+00:00","breadcrumb":{"@id":"https:\/\/www.insigniswest.com\/en\/newsletter\/#breadcrumb"},"inLanguage":"en-US","potentialAction":[{"@type":"ReadAction","target":["https:\/\/www.insigniswest.com\/en\/newsletter\/"]}]},{"@type":"BreadcrumbList","@id":"https:\/\/www.insigniswest.com\/en\/newsletter\/#breadcrumb","itemListElement":[{"@type":"ListItem","position":1,"name":"In\u00edcio","item":"https:\/\/www.insigniswest.com\/en\/"},{"@type":"ListItem","position":2,"name":"Newsletter"}]},{"@type":"WebSite","@id":"https:\/\/www.insigniswest.com\/#website","url":"https:\/\/www.insigniswest.com\/","name":"Forma\u00e7\u00e3o &amp; Consultoria","description":"Insignis West - Empresa Europeia de Forma\u00e7\u00e3o e Consultoria","potentialAction":[{"@type":"SearchAction","target":{"@type":"EntryPoint","urlTemplate":"https:\/\/www.insigniswest.com\/?s={search_term_string}"},"query-input":{"@type":"PropertyValueSpecification","valueRequired":true,"valueName":"search_term_string"}}],"inLanguage":"en-US"}]}},"_links":{"self":[{"href":"https:\/\/www.insigniswest.com\/en\/wp-json\/wp\/v2\/pages\/2147","targetHints":{"allow":["GET"]}}],"collection":[{"href":"https:\/\/www.insigniswest.com\/en\/wp-json\/wp\/v2\/pages"}],"about":[{"href":"https:\/\/www.insigniswest.com\/en\/wp-json\/wp\/v2\/types\/page"}],"author":[{"embeddable":true,"href":"https:\/\/www.insigniswest.com\/en\/wp-json\/wp\/v2\/users\/3"}],"replies":[{"embeddable":true,"href":"https:\/\/www.insigniswest.com\/en\/wp-json\/wp\/v2\/comments?post=2147"}],"version-history":[{"count":3,"href":"https:\/\/www.insigniswest.com\/en\/wp-json\/wp\/v2\/pages\/2147\/revisions"}],"predecessor-version":[{"id":2150,"href":"https:\/\/www.insigniswest.com\/en\/wp-json\/wp\/v2\/pages\/2147\/revisions\/2150"}],"wp:attachment":[{"href":"https:\/\/www.insigniswest.com\/en\/wp-json\/wp\/v2\/media?parent=2147"}],"curies":[{"name":"wp","href":"https:\/\/api.w.org\/{rel}","templated":true}]}}