{"id":2249,"date":"2018-05-07T17:30:16","date_gmt":"2018-05-07T17:30:16","guid":{"rendered":"https:\/\/www.insigniswest.com\/consulting\/"},"modified":"2020-11-05T18:24:24","modified_gmt":"2020-11-05T18:24:24","slug":"consulting","status":"publish","type":"page","link":"https:\/\/www.insigniswest.com\/en\/consulting\/","title":{"rendered":"Consulting"},"content":{"rendered":"<div class=\"wpb-content-wrapper\">[mk_page_section bg_image=&#8221;https:\/\/www.insigniswest.com\/wp-content\/uploads\/2017\/02\/quem-somos.jpg&#8221; bg_position=&#8221;center center&#8221; bg_repeat=&#8221;no-repeat&#8221; bg_stretch=&#8221;true&#8221; video_color_mask=&#8221;#231f20&#8243; min_height=&#8221;440&#8243; js_vertical_centered=&#8221;true&#8221; padding_top=&#8221;0&#8243; padding_bottom=&#8221;0&#8243; sidebar=&#8221;sidebar-1&#8243;][vc_column width=&#8221;2\/3&#8243;][mk_fancy_title color=&#8221;#ffffff&#8221; size=&#8221;48&#8243; force_font_size=&#8221;true&#8221; size_phone=&#8221;30&#8243; font_weight=&#8221;300&#8243; letter_spacing=&#8221;2&#8243; font_family=&#8221;none&#8221;]We are a European Training and Consulting company.[\/mk_fancy_title][\/vc_column][vc_column width=&#8221;1\/3&#8243;][\/vc_column][\/mk_page_section][mk_page_section layout_structure=&#8221;half_left&#8221; bg_image=&#8221;https:\/\/www.insigniswest.com\/wp-content\/uploads\/2017\/06\/shutterstock_5214280.jpg&#8221; bg_color=&#8221;#ffffff&#8221; bg_stretch=&#8221;true&#8221; padding_top=&#8221;100&#8243; padding_bottom=&#8221;100&#8243; top_shape_color=&#8221;#ffffff&#8221; bottom_shape_color=&#8221;#ffffff&#8221;][vc_column][vc_row_inner][vc_column_inner][mk_fancy_title tag_name=&#8221;h3&#8243; color=&#8221;#2c2c2c&#8221; size=&#8221;36&#8243; force_font_size=&#8221;true&#8221; size_phone=&#8221;30&#8243; font_weight=&#8221;300&#8243; txt_transform=&#8221;none&#8221; letter_spacing=&#8221;1&#8243; margin_bottom=&#8221;0&#8243; font_family=&#8221;none&#8221;]Consulting[\/mk_fancy_title][vc_column_text]Through a team of highly qualified professionals with vast international experience in various areas, we offer consultancy in the areas of development and implementation of strategies of Management, Finance, Marketing and Information Technologies.<\/p>\n<p>The combination of these areas allows optimizing the effectiveness and efficiency of the organizations, maximizing results.[\/vc_column_text][\/vc_column_inner][\/vc_row_inner][\/vc_column][\/mk_page_section][mk_page_section bg_color=&#8221;#f4f4f4&#8243; bg_repeat=&#8221;no-repeat&#8221; bg_stretch=&#8221;true&#8221; full_height=&#8221;true&#8221; padding_top=&#8221;100&#8243; padding_bottom=&#8221;100&#8243; top_shape_color=&#8221;#ffffff&#8221; bottom_shape_color=&#8221;#ffffff&#8221; sidebar=&#8221;sidebar-1&#8243;][vc_column][mk_fancy_title tag_name=&#8221;h3&#8243; color=&#8221;#2c2c2c&#8221; size=&#8221;36&#8243; force_font_size=&#8221;true&#8221; size_phone=&#8221;30&#8243; font_weight=&#8221;300&#8243; txt_transform=&#8221;none&#8221; letter_spacing=&#8221;1&#8243; margin_bottom=&#8221;0&#8243; font_family=&#8221;none&#8221; align=&#8221;center&#8221;]Markets and Sectors[\/mk_fancy_title][mk_padding_divider][vc_row_inner][vc_column_inner width=&#8221;1\/2&#8243;][mk_fancy_title tag_name=&#8221;h5&#8243; color=&#8221;#9476c9&#8243; size=&#8221;15&#8243; font_weight=&#8221;bold&#8221; txt_transform=&#8221;uppercase&#8221; letter_spacing=&#8221;1&#8243; margin_top=&#8221;20&#8243; margin_bottom=&#8221;0&#8243; font_family=&#8221;none&#8221;]Markets and Sectors[\/mk_fancy_title][vc_column_text]Insignis West is present in several markets in the countries, namely:<\/p>\n<ul>\n<li>Portugal<\/li>\n<li>Sweden<\/li>\n<li>Spain<\/li>\n<li>Angola<\/li>\n<\/ul>\n[\/vc_column_text][vc_column_text]In such demanding sectors as:<\/p>\n<p>Telecommunications<br \/>\nBanking and Insurance<br \/>\nOil and Gas Industry<br \/>\nWater,<br \/>\nTelecommunications<br \/>\nGovernment Agencies<br \/>\nLogistics<br \/>\nTransportation<br \/>\nPorts<br \/>\nDistribution,<br \/>\nPublic administration<br \/>\nCheers<br \/>\nPublishers<br \/>\nB2B[\/vc_column_text][\/vc_column_inner][vc_column_inner width=&#8221;1\/2&#8243;][mk_fancy_title tag_name=&#8221;h5&#8243; color=&#8221;#9476c9&#8243; size=&#8221;15&#8243; font_weight=&#8221;bold&#8221; txt_transform=&#8221;uppercase&#8221; letter_spacing=&#8221;1&#8243; margin_top=&#8221;20&#8243; margin_bottom=&#8221;0&#8243; font_family=&#8221;none&#8221;]Areas[\/mk_fancy_title][vc_column_text]\n<p id=\"tw-target-text\" class=\"tw-data-text tw-text-large XcVN5d tw-ta\" dir=\"ltr\" data-placeholder=\"Tradu\u00e7\u00e3o\"><span lang=\"en\">Human Resources and Training <\/span><\/p>\n<ul>\n<li><span lang=\"en\">Training and organizational development<\/span><\/li>\n<li><span lang=\"en\">Diagnosis process of training needs Training planning <\/span><\/li>\n<li><span lang=\"en\">Quality of training &#8211; Evaluation Motivation and rewards<\/span><\/li>\n<\/ul>\n[\/vc_column_text][vc_column_text]Management and finance<\/p>\n<ul>\n<li>Business Plan<\/li>\n<li>Strategic planning<\/li>\n<li>Financial Consulting<\/li>\n<li>Investment Advice<\/li>\n<\/ul>\n[\/vc_column_text][vc_column_text]\n<p id=\"tw-target-text\" class=\"tw-data-text tw-text-large XcVN5d tw-ta\" dir=\"ltr\" data-placeholder=\"Tradu\u00e7\u00e3o\"><span lang=\"en\">Marketing and Communication<\/span><\/p>\n<ul>\n<li class=\"tw-data-text tw-text-large XcVN5d tw-ta\" dir=\"ltr\" data-placeholder=\"Tradu\u00e7\u00e3o\"><span lang=\"en\">Communication and Marketing Management<\/span><\/li>\n<li class=\"tw-data-text tw-text-large XcVN5d tw-ta\" dir=\"ltr\" data-placeholder=\"Tradu\u00e7\u00e3o\">Communication advice<\/li>\n<li class=\"tw-data-text tw-text-large XcVN5d tw-ta\" dir=\"ltr\" data-placeholder=\"Tradu\u00e7\u00e3o\"><span lang=\"en\">PR<\/span><\/li>\n<\/ul>\n[\/vc_column_text][vc_column_text][\/vc_column_text][vc_column_text][\/vc_column_text][\/vc_column_inner][\/vc_row_inner][\/vc_column][\/mk_page_section][vc_row][vc_column][mk_padding_divider size=&#8221;100&#8243;][mk_fancy_title tag_name=&#8221;h3&#8243; color=&#8221;#2c2c2c&#8221; size=&#8221;36&#8243; force_font_size=&#8221;true&#8221; size_phone=&#8221;30&#8243; font_weight=&#8221;300&#8243; txt_transform=&#8221;none&#8221; letter_spacing=&#8221;1&#8243; margin_bottom=&#8221;0&#8243; font_family=&#8221;none&#8221; align=&#8221;center&#8221;]Schedule meeting[\/mk_fancy_title]\n<div class=\"wpcf7 no-js\" id=\"wpcf7-f493-o1\" lang=\"pt-PT\" dir=\"ltr\" data-wpcf7-id=\"493\">\n<div class=\"screen-reader-response\"><p role=\"status\" aria-live=\"polite\" aria-atomic=\"true\"><\/p> <ul><\/ul><\/div>\n<form action=\"\/en\/wp-json\/wp\/v2\/pages\/2249#wpcf7-f493-o1\" method=\"post\" class=\"wpcf7-form init\" aria-label=\"Formul\u00e1rio de contacto\" novalidate=\"novalidate\" data-status=\"init\">\n<fieldset class=\"hidden-fields-container\"><input type=\"hidden\" name=\"_wpcf7\" value=\"493\" \/><input type=\"hidden\" name=\"_wpcf7_version\" value=\"6.1.5\" \/><input type=\"hidden\" name=\"_wpcf7_locale\" value=\"pt_PT\" \/><input type=\"hidden\" name=\"_wpcf7_unit_tag\" value=\"wpcf7-f493-o1\" \/><input type=\"hidden\" name=\"_wpcf7_container_post\" value=\"0\" \/><input type=\"hidden\" name=\"_wpcf7_posted_data_hash\" value=\"\" \/><input type=\"hidden\" name=\"_wpcf7_recaptcha_response\" value=\"\" \/>\n<\/fieldset>\n<div class=\"row si-form-row\">\n\t<div class=\"col-md-6 si-half\">\n\t\t<p><span class=\"wpcf7-form-control-wrap\" data-name=\"your-name\"><input size=\"40\" maxlength=\"400\" class=\"wpcf7-form-control wpcf7-text wpcf7-validates-as-required\" aria-required=\"true\" aria-invalid=\"false\" placeholder=\"Nome\" value=\"\" type=\"text\" name=\"your-name\" \/><\/span>\n\t\t<\/p>\n\t<\/div>\n\t<div class=\"col-md-6 si-half si-pading-left-half\">\n\t\t<p><span class=\"wpcf7-form-control-wrap\" data-name=\"your-second-name\"><input size=\"40\" maxlength=\"400\" class=\"wpcf7-form-control wpcf7-text wpcf7-validates-as-required\" aria-required=\"true\" aria-invalid=\"false\" placeholder=\"Apelido\" value=\"\" type=\"text\" name=\"your-second-name\" \/><\/span>\n\t\t<\/p>\n\t<\/div>\n<\/div>\n<div class=\"row si-form-row\">\n\t<div class=\"col-md-6 si-half\">\n\t\t<p><span class=\"wpcf7-form-control-wrap\" data-name=\"your-email\"><input size=\"40\" maxlength=\"400\" class=\"wpcf7-form-control wpcf7-email wpcf7-validates-as-required wpcf7-text wpcf7-validates-as-email\" aria-required=\"true\" aria-invalid=\"false\" placeholder=\"Email\" value=\"\" type=\"email\" name=\"your-email\" \/><\/span>\n\t\t<\/p>\n\t<\/div>\n\t<div class=\"col-md-6 si-half si-pading-left-half\">\n\t\t<p><span class=\"wpcf7-form-control-wrap\" data-name=\"your-phone\"><input size=\"40\" maxlength=\"400\" class=\"wpcf7-form-control wpcf7-text wpcf7-validates-as-required\" aria-required=\"true\" aria-invalid=\"false\" placeholder=\"Telefone\" value=\"\" type=\"text\" name=\"your-phone\" \/><\/span>\n\t\t<\/p>\n\t<\/div>\n<\/div>\n<div class=\"row\">\n\t<div class=\"col-md-12\">\n\t\t<p><span class=\"wpcf7-form-control-wrap\" data-name=\"your-message\"><textarea cols=\"40\" rows=\"10\" maxlength=\"2000\" class=\"wpcf7-form-control wpcf7-textarea\" aria-invalid=\"false\" placeholder=\"Mensagem\" name=\"your-message\"><\/textarea><\/span>\n\t\t<\/p>\n\t<\/div>\n<\/div>\n<div class=\"row si-form-row\" style=\"float:right;\">\n\t<div class=\"col-md-12 si-submit\">\n\t\t<p><span class=\"wpcf7-form-control-wrap\" data-name=\"your-check\"><span class=\"wpcf7-form-control wpcf7-checkbox wpcf7-validates-as-required\"><span class=\"wpcf7-list-item first last\"><input type=\"checkbox\" name=\"your-check[]\" value=\"Permitir que meus dados sejam recolhidos.\" \/><span class=\"wpcf7-list-item-label\">Permitir que meus dados sejam recolhidos.<\/span><\/span><\/span><\/span>\n\t\t<\/p>\n\t<\/div>\n<\/div>\n<div style=\"clear:both;\">\n<\/div>\n<div class=\"row si-form-row\" style=\"float:right;\">\n\t<div class=\"col-md-12 si-submit\">\n\t\t<p><input class=\"wpcf7-form-control wpcf7-submit has-spinner\" type=\"submit\" value=\"Enviar\" \/>\n\t\t<\/p>\n\t<\/div>\n<\/div><div class=\"wpcf7-response-output\" aria-hidden=\"true\"><\/div>\n<\/form>\n<\/div>\n[\/vc_column][\/vc_row][vc_row][vc_column][mk_divider style=&#8221;thin_solid&#8221; thickness=&#8221;2&#8243; margin_top=&#8221;60&#8243; margin_bottom=&#8221;0&#8243;][\/vc_column][\/vc_row][vc_row disable_element=&#8221;yes&#8221;][vc_column][mk_padding_divider size=&#8221;100&#8243;][\/vc_column][\/vc_row][vc_row disable_element=&#8221;yes&#8221;][vc_column width=&#8221;1\/6&#8243;][\/vc_column][vc_column width=&#8221;2\/3&#8243;][mk_fancy_title tag_name=&#8221;h3&#8243; color_style=&#8221;gradient_color&#8221; grandient_color_from=&#8221;#007a9c&#8221; grandient_color_to=&#8221;#1d8caa&#8221; grandient_color_angle=&#8221;horizontal&#8221; grandient_color_fallback=&#8221;#1d8caa&#8221; size=&#8221;36&#8243; force_font_size=&#8221;true&#8221; size_phone=&#8221;20&#8243; font_weight=&#8221;300&#8243; letter_spacing=&#8221;1&#8243; margin_bottom=&#8221;0&#8243; font_family=&#8221;none&#8221; align=&#8221;center&#8221;]Get to know the next formations and the latest news![\/mk_fancy_title][mk_fancy_title tag_name=&#8221;h5&#8243; color=&#8221;#606060&#8243; size=&#8221;15&#8243; font_weight=&#8221;bold&#8221; txt_transform=&#8221;uppercase&#8221; letter_spacing=&#8221;1&#8243; margin_bottom=&#8221;40&#8243; font_family=&#8221;none&#8221; align=&#8221;center&#8221;]Subscribe to the newsletter and get a 10% discount voucher.[\/mk_fancy_title][mk_subscribe placeholder_text=&#8221;Insira o seu email&#8221; button_text=&#8221;SEND&#8221; corner_radius=&#8221;10&#8243; space_between=&#8221;20&#8243; btn_bg_color=&#8221;#007a9c&#8221; btn_text_color=&#8221;#ffffff&#8221; btn_border_color=&#8221;&#8221; input_bg_color=&#8221;#f4f4f4&#8243; input_placeholder_color=&#8221;#2c2c2c&#8221; input_border_width=&#8221;2&#8243; input_border_color=&#8221;#eeeeee&#8221; btn_hover_bg_color=&#8221;#1893ab&#8221; btn_hover_text_color=&#8221;#ffffff&#8221;][\/vc_column][vc_column width=&#8221;1\/6&#8243;][\/vc_column][\/vc_row][vc_row disable_element=&#8221;yes&#8221;][vc_column][mk_divider style=&#8221;thin_solid&#8221; thickness=&#8221;2&#8243; margin_top=&#8221;0&#8243; margin_bottom=&#8221;0&#8243;][\/vc_column][\/vc_row]\n<\/div>","protected":false},"excerpt":{"rendered":"<p>[mk_page_section bg_image=&#8221;https:\/\/www.insigniswest.com\/wp-content\/uploads\/2017\/02\/quem-somos.jpg&#8221; bg_position=&#8221;center center&#8221; bg_repeat=&#8221;no-repeat&#8221; bg_stretch=&#8221;true&#8221; video_color_mask=&#8221;#231f20&#8243; min_height=&#8221;440&#8243; js_vertical_centered=&#8221;true&#8221; padding_top=&#8221;0&#8243; padding_bottom=&#8221;0&#8243; sidebar=&#8221;sidebar-1&#8243;][vc_column width=&#8221;2\/3&#8243;][mk_fancy_title color=&#8221;#ffffff&#8221; size=&#8221;48&#8243; force_font_size=&#8221;true&#8221; size_phone=&#8221;30&#8243; font_weight=&#8221;300&#8243; letter_spacing=&#8221;2&#8243; font_family=&#8221;none&#8221;]We are a European Training and Consulting company.[\/mk_fancy_title][\/vc_column][vc_column width=&#8221;1\/3&#8243;][\/vc_column][\/mk_page_section][mk_page_section layout_structure=&#8221;half_left&#8221; bg_image=&#8221;https:\/\/www.insigniswest.com\/wp-content\/uploads\/2017\/06\/shutterstock_5214280.jpg&#8221; bg_color=&#8221;#ffffff&#8221; bg_stretch=&#8221;true&#8221; padding_top=&#8221;100&#8243; padding_bottom=&#8221;100&#8243; top_shape_color=&#8221;#ffffff&#8221; bottom_shape_color=&#8221;#ffffff&#8221;][vc_column][vc_row_inner][vc_column_inner][mk_fancy_title tag_name=&#8221;h3&#8243; color=&#8221;#2c2c2c&#8221; size=&#8221;36&#8243; force_font_size=&#8221;true&#8221; size_phone=&#8221;30&#8243; font_weight=&#8221;300&#8243; txt_transform=&#8221;none&#8221; letter_spacing=&#8221;1&#8243; margin_bottom=&#8221;0&#8243; font_family=&#8221;none&#8221;]Consulting[\/mk_fancy_title][vc_column_text]Through a team of highly qualified professionals with vast international [&hellip;]<\/p>\n","protected":false},"author":3,"featured_media":43640,"parent":0,"menu_order":0,"comment_status":"closed","ping_status":"closed","template":"","meta":{"footnotes":""},"class_list":["post-2249","page","type-page","status-publish","has-post-thumbnail","hentry"],"yoast_head":"<!-- This site is optimized with the Yoast SEO plugin v27.2 - https:\/\/yoast.com\/product\/yoast-seo-wordpress\/ -->\n<title>Consulting - Forma\u00e7\u00e3o &amp; Consultoria<\/title>\n<meta name=\"robots\" content=\"index, follow, max-snippet:-1, max-image-preview:large, max-video-preview:-1\" \/>\n<link rel=\"canonical\" href=\"https:\/\/www.insigniswest.com\/en\/consulting\/\" \/>\n<meta property=\"og:locale\" content=\"en_US\" \/>\n<meta property=\"og:type\" content=\"article\" \/>\n<meta property=\"og:title\" content=\"Consulting - Forma\u00e7\u00e3o &amp; Consultoria\" \/>\n<meta property=\"og:description\" content=\"[mk_page_section bg_image=&#8221;https:\/\/www.insigniswest.com\/wp-content\/uploads\/2017\/02\/quem-somos.jpg&#8221; bg_position=&#8221;center center&#8221; bg_repeat=&#8221;no-repeat&#8221; bg_stretch=&#8221;true&#8221; video_color_mask=&#8221;#231f20&#8243; min_height=&#8221;440&#8243; js_vertical_centered=&#8221;true&#8221; padding_top=&#8221;0&#8243; padding_bottom=&#8221;0&#8243; sidebar=&#8221;sidebar-1&#8243;][vc_column width=&#8221;2\/3&#8243;][mk_fancy_title color=&#8221;#ffffff&#8221; size=&#8221;48&#8243; force_font_size=&#8221;true&#8221; size_phone=&#8221;30&#8243; font_weight=&#8221;300&#8243; letter_spacing=&#8221;2&#8243; font_family=&#8221;none&#8221;]We are a European Training and Consulting company.[\/mk_fancy_title][\/vc_column][vc_column width=&#8221;1\/3&#8243;][\/vc_column][\/mk_page_section][mk_page_section layout_structure=&#8221;half_left&#8221; bg_image=&#8221;https:\/\/www.insigniswest.com\/wp-content\/uploads\/2017\/06\/shutterstock_5214280.jpg&#8221; bg_color=&#8221;#ffffff&#8221; bg_stretch=&#8221;true&#8221; padding_top=&#8221;100&#8243; padding_bottom=&#8221;100&#8243; top_shape_color=&#8221;#ffffff&#8221; bottom_shape_color=&#8221;#ffffff&#8221;][vc_column][vc_row_inner][vc_column_inner][mk_fancy_title tag_name=&#8221;h3&#8243; color=&#8221;#2c2c2c&#8221; size=&#8221;36&#8243; force_font_size=&#8221;true&#8221; size_phone=&#8221;30&#8243; font_weight=&#8221;300&#8243; txt_transform=&#8221;none&#8221; letter_spacing=&#8221;1&#8243; margin_bottom=&#8221;0&#8243; font_family=&#8221;none&#8221;]Consulting[\/mk_fancy_title][vc_column_text]Through a team of highly qualified professionals with vast international [&hellip;]\" \/>\n<meta property=\"og:url\" content=\"https:\/\/www.insigniswest.com\/en\/consulting\/\" \/>\n<meta property=\"og:site_name\" content=\"Forma\u00e7\u00e3o &amp; Consultoria\" \/>\n<meta property=\"article:modified_time\" content=\"2020-11-05T18:24:24+00:00\" \/>\n<meta property=\"og:image\" content=\"https:\/\/www.insigniswest.com\/wp-content\/uploads\/2026\/03\/consultoria.jpg\" \/>\n\t<meta property=\"og:image:width\" content=\"1024\" \/>\n\t<meta property=\"og:image:height\" content=\"686\" \/>\n\t<meta property=\"og:image:type\" content=\"image\/jpeg\" \/>\n<meta name=\"twitter:card\" content=\"summary_large_image\" \/>\n<meta name=\"twitter:label1\" content=\"Est. reading time\" \/>\n\t<meta name=\"twitter:data1\" content=\"4 minutes\" \/>\n<script type=\"application\/ld+json\" class=\"yoast-schema-graph\">{\"@context\":\"https:\/\/schema.org\",\"@graph\":[{\"@type\":\"WebPage\",\"@id\":\"https:\/\/www.insigniswest.com\/en\/consulting\/\",\"url\":\"https:\/\/www.insigniswest.com\/en\/consulting\/\",\"name\":\"Consulting - Forma\u00e7\u00e3o &amp; Consultoria\",\"isPartOf\":{\"@id\":\"https:\/\/www.insigniswest.com\/#website\"},\"primaryImageOfPage\":{\"@id\":\"https:\/\/www.insigniswest.com\/en\/consulting\/#primaryimage\"},\"image\":{\"@id\":\"https:\/\/www.insigniswest.com\/en\/consulting\/#primaryimage\"},\"thumbnailUrl\":\"https:\/\/www.insigniswest.com\/wp-content\/uploads\/2026\/03\/consultoria.jpg\",\"datePublished\":\"2018-05-07T17:30:16+00:00\",\"dateModified\":\"2020-11-05T18:24:24+00:00\",\"breadcrumb\":{\"@id\":\"https:\/\/www.insigniswest.com\/en\/consulting\/#breadcrumb\"},\"inLanguage\":\"en-US\",\"potentialAction\":[{\"@type\":\"ReadAction\",\"target\":[\"https:\/\/www.insigniswest.com\/en\/consulting\/\"]}]},{\"@type\":\"ImageObject\",\"inLanguage\":\"en-US\",\"@id\":\"https:\/\/www.insigniswest.com\/en\/consulting\/#primaryimage\",\"url\":\"https:\/\/www.insigniswest.com\/wp-content\/uploads\/2026\/03\/consultoria.jpg\",\"contentUrl\":\"https:\/\/www.insigniswest.com\/wp-content\/uploads\/2026\/03\/consultoria.jpg\",\"width\":1024,\"height\":686,\"caption\":\"Consultoria\"},{\"@type\":\"BreadcrumbList\",\"@id\":\"https:\/\/www.insigniswest.com\/en\/consulting\/#breadcrumb\",\"itemListElement\":[{\"@type\":\"ListItem\",\"position\":1,\"name\":\"In\u00edcio\",\"item\":\"https:\/\/www.insigniswest.com\/en\/\"},{\"@type\":\"ListItem\",\"position\":2,\"name\":\"Consulting\"}]},{\"@type\":\"WebSite\",\"@id\":\"https:\/\/www.insigniswest.com\/#website\",\"url\":\"https:\/\/www.insigniswest.com\/\",\"name\":\"Forma\u00e7\u00e3o &amp; Consultoria\",\"description\":\"Insignis West - Empresa Europeia de Forma\u00e7\u00e3o e Consultoria\",\"potentialAction\":[{\"@type\":\"SearchAction\",\"target\":{\"@type\":\"EntryPoint\",\"urlTemplate\":\"https:\/\/www.insigniswest.com\/?s={search_term_string}\"},\"query-input\":{\"@type\":\"PropertyValueSpecification\",\"valueRequired\":true,\"valueName\":\"search_term_string\"}}],\"inLanguage\":\"en-US\"}]}<\/script>\n<!-- \/ Yoast SEO plugin. -->","yoast_head_json":{"title":"Consulting - Forma\u00e7\u00e3o &amp; Consultoria","robots":{"index":"index","follow":"follow","max-snippet":"max-snippet:-1","max-image-preview":"max-image-preview:large","max-video-preview":"max-video-preview:-1"},"canonical":"https:\/\/www.insigniswest.com\/en\/consulting\/","og_locale":"en_US","og_type":"article","og_title":"Consulting - Forma\u00e7\u00e3o &amp; Consultoria","og_description":"[mk_page_section bg_image=&#8221;https:\/\/www.insigniswest.com\/wp-content\/uploads\/2017\/02\/quem-somos.jpg&#8221; bg_position=&#8221;center center&#8221; bg_repeat=&#8221;no-repeat&#8221; bg_stretch=&#8221;true&#8221; video_color_mask=&#8221;#231f20&#8243; min_height=&#8221;440&#8243; js_vertical_centered=&#8221;true&#8221; padding_top=&#8221;0&#8243; padding_bottom=&#8221;0&#8243; sidebar=&#8221;sidebar-1&#8243;][vc_column width=&#8221;2\/3&#8243;][mk_fancy_title color=&#8221;#ffffff&#8221; size=&#8221;48&#8243; force_font_size=&#8221;true&#8221; size_phone=&#8221;30&#8243; font_weight=&#8221;300&#8243; letter_spacing=&#8221;2&#8243; font_family=&#8221;none&#8221;]We are a European Training and Consulting company.[\/mk_fancy_title][\/vc_column][vc_column width=&#8221;1\/3&#8243;][\/vc_column][\/mk_page_section][mk_page_section layout_structure=&#8221;half_left&#8221; bg_image=&#8221;https:\/\/www.insigniswest.com\/wp-content\/uploads\/2017\/06\/shutterstock_5214280.jpg&#8221; bg_color=&#8221;#ffffff&#8221; bg_stretch=&#8221;true&#8221; padding_top=&#8221;100&#8243; padding_bottom=&#8221;100&#8243; top_shape_color=&#8221;#ffffff&#8221; bottom_shape_color=&#8221;#ffffff&#8221;][vc_column][vc_row_inner][vc_column_inner][mk_fancy_title tag_name=&#8221;h3&#8243; color=&#8221;#2c2c2c&#8221; size=&#8221;36&#8243; force_font_size=&#8221;true&#8221; size_phone=&#8221;30&#8243; font_weight=&#8221;300&#8243; txt_transform=&#8221;none&#8221; letter_spacing=&#8221;1&#8243; margin_bottom=&#8221;0&#8243; font_family=&#8221;none&#8221;]Consulting[\/mk_fancy_title][vc_column_text]Through a team of highly qualified professionals with vast international [&hellip;]","og_url":"https:\/\/www.insigniswest.com\/en\/consulting\/","og_site_name":"Forma\u00e7\u00e3o &amp; Consultoria","article_modified_time":"2020-11-05T18:24:24+00:00","og_image":[{"width":1024,"height":686,"url":"https:\/\/www.insigniswest.com\/wp-content\/uploads\/2026\/03\/consultoria.jpg","type":"image\/jpeg"}],"twitter_card":"summary_large_image","twitter_misc":{"Est. reading time":"4 minutes"},"schema":{"@context":"https:\/\/schema.org","@graph":[{"@type":"WebPage","@id":"https:\/\/www.insigniswest.com\/en\/consulting\/","url":"https:\/\/www.insigniswest.com\/en\/consulting\/","name":"Consulting - Forma\u00e7\u00e3o &amp; Consultoria","isPartOf":{"@id":"https:\/\/www.insigniswest.com\/#website"},"primaryImageOfPage":{"@id":"https:\/\/www.insigniswest.com\/en\/consulting\/#primaryimage"},"image":{"@id":"https:\/\/www.insigniswest.com\/en\/consulting\/#primaryimage"},"thumbnailUrl":"https:\/\/www.insigniswest.com\/wp-content\/uploads\/2026\/03\/consultoria.jpg","datePublished":"2018-05-07T17:30:16+00:00","dateModified":"2020-11-05T18:24:24+00:00","breadcrumb":{"@id":"https:\/\/www.insigniswest.com\/en\/consulting\/#breadcrumb"},"inLanguage":"en-US","potentialAction":[{"@type":"ReadAction","target":["https:\/\/www.insigniswest.com\/en\/consulting\/"]}]},{"@type":"ImageObject","inLanguage":"en-US","@id":"https:\/\/www.insigniswest.com\/en\/consulting\/#primaryimage","url":"https:\/\/www.insigniswest.com\/wp-content\/uploads\/2026\/03\/consultoria.jpg","contentUrl":"https:\/\/www.insigniswest.com\/wp-content\/uploads\/2026\/03\/consultoria.jpg","width":1024,"height":686,"caption":"Consultoria"},{"@type":"BreadcrumbList","@id":"https:\/\/www.insigniswest.com\/en\/consulting\/#breadcrumb","itemListElement":[{"@type":"ListItem","position":1,"name":"In\u00edcio","item":"https:\/\/www.insigniswest.com\/en\/"},{"@type":"ListItem","position":2,"name":"Consulting"}]},{"@type":"WebSite","@id":"https:\/\/www.insigniswest.com\/#website","url":"https:\/\/www.insigniswest.com\/","name":"Forma\u00e7\u00e3o &amp; Consultoria","description":"Insignis West - Empresa Europeia de Forma\u00e7\u00e3o e Consultoria","potentialAction":[{"@type":"SearchAction","target":{"@type":"EntryPoint","urlTemplate":"https:\/\/www.insigniswest.com\/?s={search_term_string}"},"query-input":{"@type":"PropertyValueSpecification","valueRequired":true,"valueName":"search_term_string"}}],"inLanguage":"en-US"}]}},"_links":{"self":[{"href":"https:\/\/www.insigniswest.com\/en\/wp-json\/wp\/v2\/pages\/2249","targetHints":{"allow":["GET"]}}],"collection":[{"href":"https:\/\/www.insigniswest.com\/en\/wp-json\/wp\/v2\/pages"}],"about":[{"href":"https:\/\/www.insigniswest.com\/en\/wp-json\/wp\/v2\/types\/page"}],"author":[{"embeddable":true,"href":"https:\/\/www.insigniswest.com\/en\/wp-json\/wp\/v2\/users\/3"}],"replies":[{"embeddable":true,"href":"https:\/\/www.insigniswest.com\/en\/wp-json\/wp\/v2\/comments?post=2249"}],"version-history":[{"count":11,"href":"https:\/\/www.insigniswest.com\/en\/wp-json\/wp\/v2\/pages\/2249\/revisions"}],"predecessor-version":[{"id":4429,"href":"https:\/\/www.insigniswest.com\/en\/wp-json\/wp\/v2\/pages\/2249\/revisions\/4429"}],"wp:featuredmedia":[{"embeddable":true,"href":"https:\/\/www.insigniswest.com\/en\/wp-json\/wp\/v2\/media\/43640"}],"wp:attachment":[{"href":"https:\/\/www.insigniswest.com\/en\/wp-json\/wp\/v2\/media?parent=2249"}],"curies":[{"name":"wp","href":"https:\/\/api.w.org\/{rel}","templated":true}]}}