{"id":3114,"date":"2017-07-06T16:57:23","date_gmt":"2017-07-06T16:57:23","guid":{"rendered":"https:\/\/www.insigniswest.com\/solucoes\/"},"modified":"2018-11-07T16:06:57","modified_gmt":"2018-11-07T16:06:57","slug":"solutions","status":"publish","type":"page","link":"https:\/\/www.insigniswest.com\/en\/solutions\/","title":{"rendered":"Solutions"},"content":{"rendered":"<div class=\"wpb-content-wrapper\">[mk_page_section bg_image=&#8221;https:\/\/www.insigniswest.com\/wp-content\/uploads\/2017\/02\/quem-somos.jpg&#8221; bg_position=&#8221;center center&#8221; bg_repeat=&#8221;no-repeat&#8221; bg_stretch=&#8221;true&#8221; video_color_mask=&#8221;#231f20&#8243; min_height=&#8221;440&#8243; js_vertical_centered=&#8221;true&#8221; padding_top=&#8221;0&#8243; padding_bottom=&#8221;0&#8243; sidebar=&#8221;sidebar-1&#8243;][vc_column width=&#8221;2\/3&#8243;][mk_fancy_title color=&#8221;#ffffff&#8221; size=&#8221;48&#8243; force_font_size=&#8221;true&#8221; size_phone=&#8221;30&#8243; font_weight=&#8221;300&#8243; letter_spacing=&#8221;2&#8243; font_family=&#8221;none&#8221;]\n<p>We develop solutions in several areas, aimed at companies, professionals, organizations and institutions.<\/p>\n[\/mk_fancy_title][\/vc_column][vc_column width=&#8221;1\/3&#8243;][\/vc_column][\/mk_page_section][mk_page_section layout_structure=&#8221;half_left&#8221; bg_image=&#8221;https:\/\/www.insigniswest.com\/wp-content\/uploads\/2017\/07\/tipo-porreira-com-ipad-cpia.jpg&#8221; bg_stretch=&#8221;true&#8221; padding_top=&#8221;100&#8243; padding_bottom=&#8221;100&#8243; top_shape_color=&#8221;#ffffff&#8221; bottom_shape_color=&#8221;#ffffff&#8221;][vc_column][vc_row_inner][vc_column_inner][mk_fancy_title tag_name=&#8221;h3&#8243; color=&#8221;#2c2c2c&#8221; size=&#8221;32&#8243; force_font_size=&#8221;true&#8221; size_phone=&#8221;30&#8243; font_weight=&#8221;300&#8243; txt_transform=&#8221;none&#8221; letter_spacing=&#8221;1&#8243; margin_bottom=&#8221;0&#8243; font_family=&#8221;none&#8221;]\n<p>Consulting<\/p>\n[\/mk_fancy_title][vc_column_text]Through a team of highly qualified professionals with vast international experience in various areas, we offer consulting in the areas of development and implementation of strategies of Management, Human Resources, Finance, Marketing, Communication and Information Technology.<\/p>\n<p>The combination of these areas allows optimizing the effectiveness and efficiency of the organizations, maximizing results.[\/vc_column_text][\/vc_column_inner][\/vc_row_inner][\/vc_column][\/mk_page_section][mk_page_section layout_structure=&#8221;half_right&#8221; bg_image=&#8221;https:\/\/www.insigniswest.com\/wp-content\/uploads\/2017\/07\/college-girls-working-in-front-of-desktop.jpg&#8221; bg_color=&#8221;#f4f4f4&#8243; bg_stretch=&#8221;true&#8221; padding_top=&#8221;100&#8243; padding_bottom=&#8221;100&#8243; top_shape_color=&#8221;#ffffff&#8221; bottom_shape_color=&#8221;#ffffff&#8221;][vc_column][vc_row_inner][vc_column_inner][mk_fancy_title tag_name=&#8221;h3&#8243; color=&#8221;#2c2c2c&#8221; size=&#8221;36&#8243; force_font_size=&#8221;true&#8221; size_phone=&#8221;30&#8243; font_weight=&#8221;300&#8243; txt_transform=&#8221;none&#8221; letter_spacing=&#8221;1&#8243; margin_bottom=&#8221;0&#8243; font_family=&#8221;none&#8221;]\n<p>One to One Training<\/p>\n[\/mk_fancy_title][vc_column_text]In an increasingly competitive and versatile society, we understand the training needs of each professional and of companies and institutions. We work to find the best solution for the company and the employee, thus offering the possibility of developing tailor-made courses in terms of schedules and program content.<\/p>\n<p>Our goal is to provide each client with the highest profitability, effectiveness, and efficiency in each training action given by Insignis West[\/vc_column_text][\/vc_column_inner][\/vc_row_inner][\/vc_column][\/mk_page_section][mk_page_section layout_structure=&#8221;half_left&#8221; bg_image=&#8221;https:\/\/www.insigniswest.com\/wp-content\/uploads\/2018\/01\/juntas-ao-pc.jpg&#8221; bg_stretch=&#8221;true&#8221; padding_top=&#8221;100&#8243; padding_bottom=&#8221;100&#8243; top_shape_color=&#8221;#ffffff&#8221; bottom_shape_color=&#8221;#ffffff&#8221;][vc_column][vc_row_inner][vc_column_inner][mk_fancy_title tag_name=&#8221;h3&#8243; color=&#8221;#2c2c2c&#8221; size=&#8221;36&#8243; force_font_size=&#8221;true&#8221; size_phone=&#8221;30&#8243; font_weight=&#8221;300&#8243; txt_transform=&#8221;none&#8221; letter_spacing=&#8221;1&#8243; margin_bottom=&#8221;0&#8243; font_family=&#8221;none&#8221;]Training Tutorial[\/mk_fancy_title][vc_column_text]Consulting training, aimed at individuals or groups of professionals from a department or specific areas of the company \/ organization, aiming at an adequate integration of the skills acquired in the context of training.<\/p>\n<p>Insignis West thus develops diagnoses of needs, accompanied by training planning, functional framework, and monitoring.[\/vc_column_text][\/vc_column_inner][\/vc_row_inner][\/vc_column][\/mk_page_section][mk_page_section layout_structure=&#8221;half_right&#8221; bg_image=&#8221;https:\/\/www.insigniswest.com\/wp-content\/uploads\/2017\/07\/seminarios.jpg&#8221; bg_color=&#8221;#f4f4f4&#8243; bg_stretch=&#8221;true&#8221; padding_top=&#8221;100&#8243; padding_bottom=&#8221;100&#8243; top_shape_color=&#8221;#ffffff&#8221; bottom_shape_color=&#8221;#ffffff&#8221;][vc_column][vc_row_inner][vc_column_inner][mk_fancy_title tag_name=&#8221;h3&#8243; color=&#8221;#2c2c2c&#8221; size=&#8221;36&#8243; force_font_size=&#8221;true&#8221; size_phone=&#8221;30&#8243; font_weight=&#8221;300&#8243; txt_transform=&#8221;none&#8221; letter_spacing=&#8221;1&#8243; margin_bottom=&#8221;0&#8243; font_family=&#8221;none&#8221;]\n<p>Advanced seminars and workshops<\/p>\n[\/mk_fancy_title][vc_column_text]There is a willingness on the part of the active society to seek new knowledge today, but opportunities and agenda are often scarce.<\/p>\n<p>Insignis West, thinking about these professionals and a brainstorming logic, develops Advanced Seminars and Thematic Workshops.[\/vc_column_text][\/vc_column_inner][\/vc_row_inner][\/vc_column][\/mk_page_section][mk_page_section layout_structure=&#8221;half_left&#8221; bg_image=&#8221;https:\/\/www.insigniswest.com\/wp-content\/uploads\/2017\/07\/shutterstock_96188165.jpg&#8221; bg_color=&#8221;#f4f4f4&#8243; bg_stretch=&#8221;true&#8221; padding_top=&#8221;100&#8243; padding_bottom=&#8221;100&#8243; top_shape_color=&#8221;#ffffff&#8221; bottom_shape_color=&#8221;#ffffff&#8221;][vc_column][vc_row_inner][vc_column_inner][mk_fancy_title tag_name=&#8221;h3&#8243; color=&#8221;#2c2c2c&#8221; size=&#8221;36&#8243; force_font_size=&#8221;true&#8221; size_phone=&#8221;30&#8243; font_weight=&#8221;300&#8243; txt_transform=&#8221;none&#8221; letter_spacing=&#8221;1&#8243; margin_bottom=&#8221;0&#8243; font_family=&#8221;none&#8221;]Marketing &amp; Communication[\/mk_fancy_title][vc_column_text]\n<div id=\"gt-src-c\" class=\"g-unit\">\n<div id=\"gt-src-p\">\n<div id=\"gt-src-wrap\" class=\"\">\n<div>\n<div class=\"_1BN1N Kzi1t BD-0J _7_mnr MoE_1 _2DJZN\"><\/div>\n<div id=\"gt-clear\" class=\"clear-button goog-toolbar-button\" tabindex=\"0\" data-tooltip=\"Limpar texto\" data-tooltip-align=\"t,c\"><\/div>\n<p><textarea id=\"source-is\" class=\"goog-textarea short_text\" dir=\"ltr\" spellcheck=\"false\" disabled=\"disabled\" name=\"text-is\" wrap=\"SOFT\"><\/textarea><\/p>\n<\/div>\n<div id=\"gt-src-tools\"><\/div>\n<div id=\"gt-src-cc\">\n<div id=\"gt-src-cc-ctr\" class=\"cc-ctr gt-src-cc-normal\">607\/5000<\/div>\n<\/div>\n<\/div>\n<div id=\"src-translit\" class=\"translit\" dir=\"ltr\"><\/div>\n<\/div>\n<\/div>\n<div id=\"gt-res-c\" class=\"g-unit\">\n<div id=\"gt-res-p\">\n<div id=\"gt-res-data\">\n<div id=\"gt-res-wrap\">\n<div id=\"gt-res-content\">\n<div id=\"gt-res-dir-ctr\" class=\"trans-verified-button-small\" dir=\"ltr\">\n<p><span id=\"result_box\" class=\"\" lang=\"en\" tabindex=\"-1\">Through a team of highly qualified professionals with vast experience in various areas, we offer Consulting in the areas of development and implementation of Marketing and Communication strategies, Management and Information Technologies.<\/span><\/p>\n<p><span class=\"\">The combination of these areas allows optimizing the effectiveness and efficiency of the organizations, maximizing results.<\/span><\/p>\n<p><span class=\"\">With a strong commitment in the area of Marketing and Communication, we developed the following solutions: Corporate Image Creation;<\/span>\u00a0<span class=\"\">Press Relations; Market Studies;<\/span> Event organization;\u00a0Public Relations and Advertising.<\/p>\n<\/div>\n<\/div>\n<\/div>\n<\/div>\n<\/div>\n<\/div>\n[\/vc_column_text][\/vc_column_inner][\/vc_row_inner][\/vc_column][\/mk_page_section][mk_page_section layout_structure=&#8221;half_right&#8221; bg_image=&#8221;https:\/\/www.insigniswest.com\/wp-content\/uploads\/2018\/01\/liderana2_171542741-cpia.jpg&#8221; bg_color=&#8221;#f4f4f4&#8243; bg_stretch=&#8221;true&#8221; padding_top=&#8221;100&#8243; padding_bottom=&#8221;100&#8243; top_shape_color=&#8221;#ffffff&#8221; bottom_shape_color=&#8221;#ffffff&#8221;][vc_column][vc_row_inner][vc_column_inner][mk_fancy_title tag_name=&#8221;h3&#8243; color=&#8221;#2c2c2c&#8221; size=&#8221;36&#8243; force_font_size=&#8221;true&#8221; size_phone=&#8221;30&#8243; font_weight=&#8221;300&#8243; txt_transform=&#8221;none&#8221; letter_spacing=&#8221;1&#8243; margin_bottom=&#8221;0&#8243; font_family=&#8221;none&#8221;]\n<p>Team Building<\/p>\n[\/mk_fancy_title][vc_column_text]Insignis West bets on programs tailored to each client and adjusted to their objectives.<br \/>\nAs in the other training methods developed by Insignis West, the Team Building training develops unique and unique programs for each client.<\/p>\n<p>With a strong pedagogical component, our programs apply methodologies that allow us to generate essential trust indexes so that employees can deal with change processes, creating a strong team spirit and cohesion.[\/vc_column_text][\/vc_column_inner][\/vc_row_inner][\/vc_column][\/mk_page_section][mk_page_section layout_structure=&#8221;half_left&#8221; bg_image=&#8221;https:\/\/www.insigniswest.com\/wp-content\/uploads\/2018\/02\/shutterstock_82162555.jpg&#8221; bg_color=&#8221;#f4f4f4&#8243; bg_stretch=&#8221;true&#8221; padding_top=&#8221;100&#8243; padding_bottom=&#8221;100&#8243; top_shape_color=&#8221;#ffffff&#8221; bottom_shape_color=&#8221;#ffffff&#8221;][vc_column][vc_row_inner][vc_column_inner][mk_fancy_title tag_name=&#8221;h3&#8243; color=&#8221;#2c2c2c&#8221; size=&#8221;36&#8243; force_font_size=&#8221;true&#8221; size_phone=&#8221;30&#8243; font_weight=&#8221;300&#8243; txt_transform=&#8221;none&#8221; letter_spacing=&#8221;1&#8243; margin_bottom=&#8221;0&#8243; font_family=&#8221;none&#8221;]Leadership Academy[\/mk_fancy_title][vc_column_text]The day-to-day challenges faced by companies and organizations require the preparation of managers and managers who go beyond technical skills and who are obviously very important and have a strong impact on results.<\/p>\n<p>Insignis West is strongly committed to the area of leadership and the development of the various competencies associated with it, having created an academy where the subject of Leadership is developed and applied in a technical and behavioral way.[\/vc_column_text][\/vc_column_inner][\/vc_row_inner][\/vc_column][\/mk_page_section][mk_page_section layout_structure=&#8221;half_right&#8221; bg_image=&#8221;https:\/\/www.insigniswest.com\/wp-content\/uploads\/2017\/03\/group-of-young-people-in-business2.jpg&#8221; bg_color=&#8221;#f4f4f4&#8243; bg_stretch=&#8221;true&#8221; padding_top=&#8221;100&#8243; padding_bottom=&#8221;100&#8243; top_shape_color=&#8221;#ffffff&#8221; bottom_shape_color=&#8221;#ffffff&#8221;][vc_column][vc_row_inner][vc_column_inner][mk_fancy_title tag_name=&#8221;h3&#8243; color=&#8221;#2c2c2c&#8221; size=&#8221;36&#8243; force_font_size=&#8221;true&#8221; size_phone=&#8221;30&#8243; font_weight=&#8221;300&#8243; txt_transform=&#8221;none&#8221; letter_spacing=&#8221;1&#8243; margin_bottom=&#8221;0&#8243; font_family=&#8221;none&#8221;]\n<p>Tailor made training<\/p>\n[\/mk_fancy_title][vc_column_text]We understand the Training as a whole, we are prepared to respond to various levels of training consultancy, namely: Diagnosis of Training needs in Companies and Institutions, Development of Strategic Plan for Training, Organization and Implementation of Training Plan and ROI.[\/vc_column_text][\/vc_column_inner][\/vc_row_inner][\/vc_column][vc_column][\/vc_column][\/mk_page_section][vc_row disable_element=&#8221;yes&#8221;][vc_column][mk_padding_divider size=&#8221;100&#8243;][\/vc_column][\/vc_row][vc_row disable_element=&#8221;yes&#8221;][vc_column width=&#8221;1\/6&#8243;][\/vc_column][vc_column width=&#8221;2\/3&#8243;][mk_fancy_title tag_name=&#8221;h3&#8243; color_style=&#8221;gradient_color&#8221; grandient_color_from=&#8221;#007a9c&#8221; grandient_color_to=&#8221;#1d8caa&#8221; grandient_color_angle=&#8221;horizontal&#8221; grandient_color_fallback=&#8221;#1d8caa&#8221; size=&#8221;36&#8243; force_font_size=&#8221;true&#8221; size_phone=&#8221;20&#8243; font_weight=&#8221;300&#8243; letter_spacing=&#8221;1&#8243; margin_bottom=&#8221;0&#8243; font_family=&#8221;none&#8221; align=&#8221;center&#8221;]\n<p>Get to know the next formations and the latest news!<\/p>\n[\/mk_fancy_title][mk_fancy_title tag_name=&#8221;h5&#8243; color=&#8221;#606060&#8243; size=&#8221;15&#8243; font_weight=&#8221;bold&#8221; txt_transform=&#8221;uppercase&#8221; letter_spacing=&#8221;1&#8243; margin_bottom=&#8221;40&#8243; font_family=&#8221;none&#8221; align=&#8221;center&#8221;]Subscribe to the newsletter and get a 10% discount voucher.[\/mk_fancy_title][mk_subscribe placeholder_text=&#8221;Enter your email&#8221; button_text=&#8221;SEND&#8221; corner_radius=&#8221;10&#8243; space_between=&#8221;20&#8243; btn_bg_color=&#8221;#007a9c&#8221; btn_text_color=&#8221;#ffffff&#8221; btn_border_color=&#8221;&#8221; input_bg_color=&#8221;#f4f4f4&#8243; input_placeholder_color=&#8221;#2c2c2c&#8221; input_border_width=&#8221;2&#8243; input_border_color=&#8221;#eeeeee&#8221; btn_hover_bg_color=&#8221;#1893ab&#8221; btn_hover_text_color=&#8221;#ffffff&#8221;][\/vc_column][vc_column width=&#8221;1\/6&#8243;][\/vc_column][\/vc_row][vc_row][vc_column][mk_divider style=&#8221;thin_solid&#8221; thickness=&#8221;2&#8243; margin_top=&#8221;0&#8243; margin_bottom=&#8221;0&#8243;][\/vc_column][\/vc_row]\n<\/div>","protected":false},"excerpt":{"rendered":"<p>[mk_page_section bg_image=&#8221;https:\/\/www.insigniswest.com\/wp-content\/uploads\/2017\/02\/quem-somos.jpg&#8221; bg_position=&#8221;center center&#8221; bg_repeat=&#8221;no-repeat&#8221; bg_stretch=&#8221;true&#8221; video_color_mask=&#8221;#231f20&#8243; min_height=&#8221;440&#8243; js_vertical_centered=&#8221;true&#8221; padding_top=&#8221;0&#8243; padding_bottom=&#8221;0&#8243; sidebar=&#8221;sidebar-1&#8243;][vc_column width=&#8221;2\/3&#8243;][mk_fancy_title color=&#8221;#ffffff&#8221; size=&#8221;48&#8243; force_font_size=&#8221;true&#8221; size_phone=&#8221;30&#8243; font_weight=&#8221;300&#8243; letter_spacing=&#8221;2&#8243; font_family=&#8221;none&#8221;] We develop solutions in several areas, aimed at companies, professionals, organizations and institutions. [\/mk_fancy_title][\/vc_column][vc_column width=&#8221;1\/3&#8243;][\/vc_column][\/mk_page_section][mk_page_section layout_structure=&#8221;half_left&#8221; bg_image=&#8221;https:\/\/www.insigniswest.com\/wp-content\/uploads\/2017\/07\/tipo-porreira-com-ipad-cpia.jpg&#8221; bg_stretch=&#8221;true&#8221; padding_top=&#8221;100&#8243; padding_bottom=&#8221;100&#8243; top_shape_color=&#8221;#ffffff&#8221; bottom_shape_color=&#8221;#ffffff&#8221;][vc_column][vc_row_inner][vc_column_inner][mk_fancy_title tag_name=&#8221;h3&#8243; color=&#8221;#2c2c2c&#8221; size=&#8221;32&#8243; force_font_size=&#8221;true&#8221; size_phone=&#8221;30&#8243; font_weight=&#8221;300&#8243; txt_transform=&#8221;none&#8221; letter_spacing=&#8221;1&#8243; margin_bottom=&#8221;0&#8243; font_family=&#8221;none&#8221;] Consulting [\/mk_fancy_title][vc_column_text]Through a [&hellip;]<\/p>\n","protected":false},"author":3,"featured_media":43713,"parent":0,"menu_order":0,"comment_status":"closed","ping_status":"closed","template":"","meta":{"footnotes":""},"class_list":["post-3114","page","type-page","status-publish","has-post-thumbnail","hentry"],"yoast_head":"<!-- This site is optimized with the Yoast SEO plugin v27.2 - https:\/\/yoast.com\/product\/yoast-seo-wordpress\/ -->\n<title>Solutions - Forma\u00e7\u00e3o &amp; Consultoria<\/title>\n<meta name=\"robots\" content=\"index, follow, max-snippet:-1, max-image-preview:large, max-video-preview:-1\" \/>\n<link rel=\"canonical\" href=\"https:\/\/www.insigniswest.com\/en\/solutions\/\" \/>\n<meta property=\"og:locale\" content=\"en_US\" \/>\n<meta property=\"og:type\" content=\"article\" \/>\n<meta property=\"og:title\" content=\"Solutions - Forma\u00e7\u00e3o &amp; Consultoria\" \/>\n<meta property=\"og:description\" content=\"[mk_page_section bg_image=&#8221;https:\/\/www.insigniswest.com\/wp-content\/uploads\/2017\/02\/quem-somos.jpg&#8221; bg_position=&#8221;center center&#8221; bg_repeat=&#8221;no-repeat&#8221; bg_stretch=&#8221;true&#8221; video_color_mask=&#8221;#231f20&#8243; min_height=&#8221;440&#8243; js_vertical_centered=&#8221;true&#8221; padding_top=&#8221;0&#8243; padding_bottom=&#8221;0&#8243; sidebar=&#8221;sidebar-1&#8243;][vc_column width=&#8221;2\/3&#8243;][mk_fancy_title color=&#8221;#ffffff&#8221; size=&#8221;48&#8243; force_font_size=&#8221;true&#8221; size_phone=&#8221;30&#8243; font_weight=&#8221;300&#8243; letter_spacing=&#8221;2&#8243; font_family=&#8221;none&#8221;] We develop solutions in several areas, aimed at companies, professionals, organizations and institutions. [\/mk_fancy_title][\/vc_column][vc_column width=&#8221;1\/3&#8243;][\/vc_column][\/mk_page_section][mk_page_section layout_structure=&#8221;half_left&#8221; bg_image=&#8221;https:\/\/www.insigniswest.com\/wp-content\/uploads\/2017\/07\/tipo-porreira-com-ipad-cpia.jpg&#8221; bg_stretch=&#8221;true&#8221; padding_top=&#8221;100&#8243; padding_bottom=&#8221;100&#8243; top_shape_color=&#8221;#ffffff&#8221; bottom_shape_color=&#8221;#ffffff&#8221;][vc_column][vc_row_inner][vc_column_inner][mk_fancy_title tag_name=&#8221;h3&#8243; color=&#8221;#2c2c2c&#8221; size=&#8221;32&#8243; force_font_size=&#8221;true&#8221; size_phone=&#8221;30&#8243; font_weight=&#8221;300&#8243; txt_transform=&#8221;none&#8221; letter_spacing=&#8221;1&#8243; margin_bottom=&#8221;0&#8243; font_family=&#8221;none&#8221;] Consulting [\/mk_fancy_title][vc_column_text]Through a [&hellip;]\" \/>\n<meta property=\"og:url\" content=\"https:\/\/www.insigniswest.com\/en\/solutions\/\" \/>\n<meta property=\"og:site_name\" content=\"Forma\u00e7\u00e3o &amp; Consultoria\" \/>\n<meta property=\"article:modified_time\" content=\"2018-11-07T16:06:57+00:00\" \/>\n<meta property=\"og:image\" content=\"https:\/\/www.insigniswest.com\/wp-content\/uploads\/2026\/03\/profissional_ipad-scaled.jpg\" \/>\n\t<meta property=\"og:image:width\" content=\"2560\" \/>\n\t<meta property=\"og:image:height\" content=\"1707\" \/>\n\t<meta property=\"og:image:type\" content=\"image\/jpeg\" \/>\n<meta name=\"twitter:card\" content=\"summary_large_image\" \/>\n<meta name=\"twitter:label1\" content=\"Est. reading time\" \/>\n\t<meta name=\"twitter:data1\" content=\"8 minutes\" \/>\n<script type=\"application\/ld+json\" class=\"yoast-schema-graph\">{\"@context\":\"https:\/\/schema.org\",\"@graph\":[{\"@type\":\"WebPage\",\"@id\":\"https:\/\/www.insigniswest.com\/en\/solutions\/\",\"url\":\"https:\/\/www.insigniswest.com\/en\/solutions\/\",\"name\":\"Solutions - Forma\u00e7\u00e3o &amp; Consultoria\",\"isPartOf\":{\"@id\":\"https:\/\/www.insigniswest.com\/#website\"},\"primaryImageOfPage\":{\"@id\":\"https:\/\/www.insigniswest.com\/en\/solutions\/#primaryimage\"},\"image\":{\"@id\":\"https:\/\/www.insigniswest.com\/en\/solutions\/#primaryimage\"},\"thumbnailUrl\":\"https:\/\/www.insigniswest.com\/wp-content\/uploads\/2026\/03\/profissional_ipad-scaled.jpg\",\"datePublished\":\"2017-07-06T16:57:23+00:00\",\"dateModified\":\"2018-11-07T16:06:57+00:00\",\"breadcrumb\":{\"@id\":\"https:\/\/www.insigniswest.com\/en\/solutions\/#breadcrumb\"},\"inLanguage\":\"en-US\",\"potentialAction\":[{\"@type\":\"ReadAction\",\"target\":[\"https:\/\/www.insigniswest.com\/en\/solutions\/\"]}]},{\"@type\":\"ImageObject\",\"inLanguage\":\"en-US\",\"@id\":\"https:\/\/www.insigniswest.com\/en\/solutions\/#primaryimage\",\"url\":\"https:\/\/www.insigniswest.com\/wp-content\/uploads\/2026\/03\/profissional_ipad-scaled.jpg\",\"contentUrl\":\"https:\/\/www.insigniswest.com\/wp-content\/uploads\/2026\/03\/profissional_ipad-scaled.jpg\",\"width\":2560,\"height\":1707,\"caption\":\"Solu\u00e7\u00f5es Insignis West de forma\u00e7\u00e3o & Consultoria\"},{\"@type\":\"BreadcrumbList\",\"@id\":\"https:\/\/www.insigniswest.com\/en\/solutions\/#breadcrumb\",\"itemListElement\":[{\"@type\":\"ListItem\",\"position\":1,\"name\":\"In\u00edcio\",\"item\":\"https:\/\/www.insigniswest.com\/en\/\"},{\"@type\":\"ListItem\",\"position\":2,\"name\":\"Solutions\"}]},{\"@type\":\"WebSite\",\"@id\":\"https:\/\/www.insigniswest.com\/#website\",\"url\":\"https:\/\/www.insigniswest.com\/\",\"name\":\"Forma\u00e7\u00e3o &amp; Consultoria\",\"description\":\"Insignis West - Empresa Europeia de Forma\u00e7\u00e3o e Consultoria\",\"potentialAction\":[{\"@type\":\"SearchAction\",\"target\":{\"@type\":\"EntryPoint\",\"urlTemplate\":\"https:\/\/www.insigniswest.com\/?s={search_term_string}\"},\"query-input\":{\"@type\":\"PropertyValueSpecification\",\"valueRequired\":true,\"valueName\":\"search_term_string\"}}],\"inLanguage\":\"en-US\"}]}<\/script>\n<!-- \/ Yoast SEO plugin. -->","yoast_head_json":{"title":"Solutions - Forma\u00e7\u00e3o &amp; Consultoria","robots":{"index":"index","follow":"follow","max-snippet":"max-snippet:-1","max-image-preview":"max-image-preview:large","max-video-preview":"max-video-preview:-1"},"canonical":"https:\/\/www.insigniswest.com\/en\/solutions\/","og_locale":"en_US","og_type":"article","og_title":"Solutions - Forma\u00e7\u00e3o &amp; Consultoria","og_description":"[mk_page_section bg_image=&#8221;https:\/\/www.insigniswest.com\/wp-content\/uploads\/2017\/02\/quem-somos.jpg&#8221; bg_position=&#8221;center center&#8221; bg_repeat=&#8221;no-repeat&#8221; bg_stretch=&#8221;true&#8221; video_color_mask=&#8221;#231f20&#8243; min_height=&#8221;440&#8243; js_vertical_centered=&#8221;true&#8221; padding_top=&#8221;0&#8243; padding_bottom=&#8221;0&#8243; sidebar=&#8221;sidebar-1&#8243;][vc_column width=&#8221;2\/3&#8243;][mk_fancy_title color=&#8221;#ffffff&#8221; size=&#8221;48&#8243; force_font_size=&#8221;true&#8221; size_phone=&#8221;30&#8243; font_weight=&#8221;300&#8243; letter_spacing=&#8221;2&#8243; font_family=&#8221;none&#8221;] We develop solutions in several areas, aimed at companies, professionals, organizations and institutions. [\/mk_fancy_title][\/vc_column][vc_column width=&#8221;1\/3&#8243;][\/vc_column][\/mk_page_section][mk_page_section layout_structure=&#8221;half_left&#8221; bg_image=&#8221;https:\/\/www.insigniswest.com\/wp-content\/uploads\/2017\/07\/tipo-porreira-com-ipad-cpia.jpg&#8221; bg_stretch=&#8221;true&#8221; padding_top=&#8221;100&#8243; padding_bottom=&#8221;100&#8243; top_shape_color=&#8221;#ffffff&#8221; bottom_shape_color=&#8221;#ffffff&#8221;][vc_column][vc_row_inner][vc_column_inner][mk_fancy_title tag_name=&#8221;h3&#8243; color=&#8221;#2c2c2c&#8221; size=&#8221;32&#8243; force_font_size=&#8221;true&#8221; size_phone=&#8221;30&#8243; font_weight=&#8221;300&#8243; txt_transform=&#8221;none&#8221; letter_spacing=&#8221;1&#8243; margin_bottom=&#8221;0&#8243; font_family=&#8221;none&#8221;] Consulting [\/mk_fancy_title][vc_column_text]Through a [&hellip;]","og_url":"https:\/\/www.insigniswest.com\/en\/solutions\/","og_site_name":"Forma\u00e7\u00e3o &amp; Consultoria","article_modified_time":"2018-11-07T16:06:57+00:00","og_image":[{"width":2560,"height":1707,"url":"https:\/\/www.insigniswest.com\/wp-content\/uploads\/2026\/03\/profissional_ipad-scaled.jpg","type":"image\/jpeg"}],"twitter_card":"summary_large_image","twitter_misc":{"Est. reading time":"8 minutes"},"schema":{"@context":"https:\/\/schema.org","@graph":[{"@type":"WebPage","@id":"https:\/\/www.insigniswest.com\/en\/solutions\/","url":"https:\/\/www.insigniswest.com\/en\/solutions\/","name":"Solutions - Forma\u00e7\u00e3o &amp; Consultoria","isPartOf":{"@id":"https:\/\/www.insigniswest.com\/#website"},"primaryImageOfPage":{"@id":"https:\/\/www.insigniswest.com\/en\/solutions\/#primaryimage"},"image":{"@id":"https:\/\/www.insigniswest.com\/en\/solutions\/#primaryimage"},"thumbnailUrl":"https:\/\/www.insigniswest.com\/wp-content\/uploads\/2026\/03\/profissional_ipad-scaled.jpg","datePublished":"2017-07-06T16:57:23+00:00","dateModified":"2018-11-07T16:06:57+00:00","breadcrumb":{"@id":"https:\/\/www.insigniswest.com\/en\/solutions\/#breadcrumb"},"inLanguage":"en-US","potentialAction":[{"@type":"ReadAction","target":["https:\/\/www.insigniswest.com\/en\/solutions\/"]}]},{"@type":"ImageObject","inLanguage":"en-US","@id":"https:\/\/www.insigniswest.com\/en\/solutions\/#primaryimage","url":"https:\/\/www.insigniswest.com\/wp-content\/uploads\/2026\/03\/profissional_ipad-scaled.jpg","contentUrl":"https:\/\/www.insigniswest.com\/wp-content\/uploads\/2026\/03\/profissional_ipad-scaled.jpg","width":2560,"height":1707,"caption":"Solu\u00e7\u00f5es Insignis West de forma\u00e7\u00e3o & Consultoria"},{"@type":"BreadcrumbList","@id":"https:\/\/www.insigniswest.com\/en\/solutions\/#breadcrumb","itemListElement":[{"@type":"ListItem","position":1,"name":"In\u00edcio","item":"https:\/\/www.insigniswest.com\/en\/"},{"@type":"ListItem","position":2,"name":"Solutions"}]},{"@type":"WebSite","@id":"https:\/\/www.insigniswest.com\/#website","url":"https:\/\/www.insigniswest.com\/","name":"Forma\u00e7\u00e3o &amp; Consultoria","description":"Insignis West - Empresa Europeia de Forma\u00e7\u00e3o e Consultoria","potentialAction":[{"@type":"SearchAction","target":{"@type":"EntryPoint","urlTemplate":"https:\/\/www.insigniswest.com\/?s={search_term_string}"},"query-input":{"@type":"PropertyValueSpecification","valueRequired":true,"valueName":"search_term_string"}}],"inLanguage":"en-US"}]}},"_links":{"self":[{"href":"https:\/\/www.insigniswest.com\/en\/wp-json\/wp\/v2\/pages\/3114","targetHints":{"allow":["GET"]}}],"collection":[{"href":"https:\/\/www.insigniswest.com\/en\/wp-json\/wp\/v2\/pages"}],"about":[{"href":"https:\/\/www.insigniswest.com\/en\/wp-json\/wp\/v2\/types\/page"}],"author":[{"embeddable":true,"href":"https:\/\/www.insigniswest.com\/en\/wp-json\/wp\/v2\/users\/3"}],"replies":[{"embeddable":true,"href":"https:\/\/www.insigniswest.com\/en\/wp-json\/wp\/v2\/comments?post=3114"}],"version-history":[{"count":3,"href":"https:\/\/www.insigniswest.com\/en\/wp-json\/wp\/v2\/pages\/3114\/revisions"}],"predecessor-version":[{"id":3117,"href":"https:\/\/www.insigniswest.com\/en\/wp-json\/wp\/v2\/pages\/3114\/revisions\/3117"}],"wp:featuredmedia":[{"embeddable":true,"href":"https:\/\/www.insigniswest.com\/en\/wp-json\/wp\/v2\/media\/43713"}],"wp:attachment":[{"href":"https:\/\/www.insigniswest.com\/en\/wp-json\/wp\/v2\/media?parent=3114"}],"curies":[{"name":"wp","href":"https:\/\/api.w.org\/{rel}","templated":true}]}}